{"id":14597,"date":"2025-03-31T07:36:08","date_gmt":"2025-03-31T07:36:08","guid":{"rendered":"https:\/\/fisiotech.com\/?post_type=product&#038;p=14597"},"modified":"2025-03-31T07:39:10","modified_gmt":"2025-03-31T07:39:10","slug":"aimant-de-securite-serie-new-professional","status":"publish","type":"product","link":"https:\/\/fisiotech.com\/fr\/prodotto\/aimant-de-securite-serie-new-professional\/","title":{"rendered":"AIMANT DE S\u00c9CURIT\u00c9 S\u00c9RIE NEW PROFESSIONAL"},"content":{"rendered":"","protected":false},"excerpt":{"rendered":"<p>Enl\u00e8vant l\u00b4aimant les fonctions de r\u00e9glage \u00e9lectrique sont bloqu\u00e9es pour \u00e9viter tout actionnement involontaire des v\u00e9rins.<\/p>\n","protected":false},"featured_media":5145,"template":"","meta":{"_acf_changed":false},"product_brand":[],"product_cat":[308],"product_tag":[],"class_list":{"0":"post-14597","1":"product","2":"type-product","3":"status-publish","4":"has-post-thumbnail","6":"product_cat-accessoires","8":"entry","9":"has-media","11":"first","12":"instock","13":"shipping-taxable","14":"purchasable","15":"product-type-simple","16":"has-product-nav","17":"col","18":"span_1_of_3","19":"owp-content-center","20":"owp-thumbs-layout-horizontal","21":"owp-btn-normal","22":"owp-tabs-layout-horizontal","23":"has-no-thumbnails"},"acf":[],"yoast_head":"<!-- This site is optimized with the Yoast SEO plugin v26.0 - https:\/\/yoast.com\/wordpress\/plugins\/seo\/ -->\n<title>AIMANT DE S\u00c9CURIT\u00c9 S\u00c9RIE NEW PROFESSIONAL | FisioTech<\/title>\n<meta name=\"description\" content=\"Enl\u00e8vant l\u00b4aimant les fonctions de r\u00e9glage \u00e9lectrique sont bloqu\u00e9es pour \u00e9viter tout actionnement involontaire des v\u00e9rins.\" \/>\n<meta name=\"robots\" content=\"index, follow, max-snippet:-1, max-image-preview:large, max-video-preview:-1\" \/>\n<link rel=\"canonical\" href=\"https:\/\/fisiotech.com\/fr\/prodotto\/aimant-de-securite-serie-new-professional\/\" \/>\n<meta property=\"og:locale\" content=\"fr_FR\" \/>\n<meta property=\"og:type\" content=\"article\" \/>\n<meta property=\"og:title\" content=\"AIMANT DE S\u00c9CURIT\u00c9 S\u00c9RIE NEW PROFESSIONAL | FisioTech\" \/>\n<meta property=\"og:description\" content=\"Enl\u00e8vant l\u00b4aimant les fonctions de r\u00e9glage \u00e9lectrique sont bloqu\u00e9es pour \u00e9viter tout actionnement involontaire des v\u00e9rins.\" \/>\n<meta property=\"og:url\" content=\"https:\/\/fisiotech.com\/fr\/prodotto\/aimant-de-securite-serie-new-professional\/\" \/>\n<meta property=\"og:site_name\" content=\"FisioTech\" \/>\n<meta property=\"article:modified_time\" content=\"2025-03-31T07:39:10+00:00\" \/>\n<meta property=\"og:image\" content=\"https:\/\/fisiotech.com\/wp-content\/uploads\/2023\/09\/Dispositivo-sicurezza.jpg\" \/>\n\t<meta property=\"og:image:width\" content=\"750\" \/>\n\t<meta property=\"og:image:height\" content=\"750\" \/>\n\t<meta property=\"og:image:type\" content=\"image\/jpeg\" \/>\n<meta name=\"twitter:card\" content=\"summary_large_image\" \/>\n<script type=\"application\/ld+json\" class=\"yoast-schema-graph\">{\"@context\":\"https:\/\/schema.org\",\"@graph\":[{\"@type\":\"WebPage\",\"@id\":\"https:\/\/fisiotech.com\/fr\/prodotto\/aimant-de-securite-serie-new-professional\/\",\"url\":\"https:\/\/fisiotech.com\/fr\/prodotto\/aimant-de-securite-serie-new-professional\/\",\"name\":\"AIMANT DE S\u00c9CURIT\u00c9 S\u00c9RIE NEW PROFESSIONAL | FisioTech\",\"isPartOf\":{\"@id\":\"https:\/\/fisiotech.com\/fr\/#website\"},\"primaryImageOfPage\":{\"@id\":\"https:\/\/fisiotech.com\/fr\/prodotto\/aimant-de-securite-serie-new-professional\/#primaryimage\"},\"image\":{\"@id\":\"https:\/\/fisiotech.com\/fr\/prodotto\/aimant-de-securite-serie-new-professional\/#primaryimage\"},\"thumbnailUrl\":\"https:\/\/fisiotech.com\/wp-content\/uploads\/2023\/09\/Dispositivo-sicurezza.jpg\",\"datePublished\":\"2025-03-31T07:36:08+00:00\",\"dateModified\":\"2025-03-31T07:39:10+00:00\",\"description\":\"Enl\u00e8vant l\u00b4aimant les fonctions de r\u00e9glage \u00e9lectrique sont bloqu\u00e9es pour \u00e9viter tout actionnement involontaire des v\u00e9rins.\",\"breadcrumb\":{\"@id\":\"https:\/\/fisiotech.com\/fr\/prodotto\/aimant-de-securite-serie-new-professional\/#breadcrumb\"},\"inLanguage\":\"fr-FR\",\"potentialAction\":[{\"@type\":\"ReadAction\",\"target\":[\"https:\/\/fisiotech.com\/fr\/prodotto\/aimant-de-securite-serie-new-professional\/\"]}]},{\"@type\":\"ImageObject\",\"inLanguage\":\"fr-FR\",\"@id\":\"https:\/\/fisiotech.com\/fr\/prodotto\/aimant-de-securite-serie-new-professional\/#primaryimage\",\"url\":\"https:\/\/fisiotech.com\/wp-content\/uploads\/2023\/09\/Dispositivo-sicurezza.jpg\",\"contentUrl\":\"https:\/\/fisiotech.com\/wp-content\/uploads\/2023\/09\/Dispositivo-sicurezza.jpg\",\"width\":750,\"height\":750},{\"@type\":\"BreadcrumbList\",\"@id\":\"https:\/\/fisiotech.com\/fr\/prodotto\/aimant-de-securite-serie-new-professional\/#breadcrumb\",\"itemListElement\":[{\"@type\":\"ListItem\",\"position\":1,\"name\":\"Home\",\"item\":\"https:\/\/fisiotech.com\/fr\/\"},{\"@type\":\"ListItem\",\"position\":2,\"name\":\"Boutique\",\"item\":\"https:\/\/fisiotech.com\/fr\/boutique\/\"},{\"@type\":\"ListItem\",\"position\":3,\"name\":\"Accessoires\",\"item\":\"https:\/\/fisiotech.com\/fr\/categoria-prodotto\/accessoires\/\"},{\"@type\":\"ListItem\",\"position\":4,\"name\":\"AIMANT DE S\u00c9CURIT\u00c9 S\u00c9RIE NEW PROFESSIONAL\"}]},{\"@type\":\"WebSite\",\"@id\":\"https:\/\/fisiotech.com\/fr\/#website\",\"url\":\"https:\/\/fisiotech.com\/fr\/\",\"name\":\"FisioTech\",\"description\":\"Tecnologie al servizio della salute\",\"publisher\":{\"@id\":\"https:\/\/fisiotech.com\/fr\/#organization\"},\"potentialAction\":[{\"@type\":\"SearchAction\",\"target\":{\"@type\":\"EntryPoint\",\"urlTemplate\":\"https:\/\/fisiotech.com\/fr\/?s={search_term_string}\"},\"query-input\":{\"@type\":\"PropertyValueSpecification\",\"valueRequired\":true,\"valueName\":\"search_term_string\"}}],\"inLanguage\":\"fr-FR\"},{\"@type\":\"Organization\",\"@id\":\"https:\/\/fisiotech.com\/fr\/#organization\",\"name\":\"FisioTech - Tecnologie al servizio della salute\",\"url\":\"https:\/\/fisiotech.com\/fr\/\",\"logo\":{\"@type\":\"ImageObject\",\"inLanguage\":\"fr-FR\",\"@id\":\"https:\/\/fisiotech.com\/fr\/#\/schema\/logo\/image\/\",\"url\":\"https:\/\/fisiotech.com\/wp-content\/uploads\/2023\/09\/cropped-Fisiotech-logo.png\",\"contentUrl\":\"https:\/\/fisiotech.com\/wp-content\/uploads\/2023\/09\/cropped-Fisiotech-logo.png\",\"width\":861,\"height\":329,\"caption\":\"FisioTech - Tecnologie al servizio della salute\"},\"image\":{\"@id\":\"https:\/\/fisiotech.com\/fr\/#\/schema\/logo\/image\/\"}}]}<\/script>\n<!-- \/ Yoast SEO plugin. -->","yoast_head_json":{"title":"AIMANT DE S\u00c9CURIT\u00c9 S\u00c9RIE NEW PROFESSIONAL | FisioTech","description":"Enl\u00e8vant l\u00b4aimant les fonctions de r\u00e9glage \u00e9lectrique sont bloqu\u00e9es pour \u00e9viter tout actionnement involontaire des v\u00e9rins.","robots":{"index":"index","follow":"follow","max-snippet":"max-snippet:-1","max-image-preview":"max-image-preview:large","max-video-preview":"max-video-preview:-1"},"canonical":"https:\/\/fisiotech.com\/fr\/prodotto\/aimant-de-securite-serie-new-professional\/","og_locale":"fr_FR","og_type":"article","og_title":"AIMANT DE S\u00c9CURIT\u00c9 S\u00c9RIE NEW PROFESSIONAL | FisioTech","og_description":"Enl\u00e8vant l\u00b4aimant les fonctions de r\u00e9glage \u00e9lectrique sont bloqu\u00e9es pour \u00e9viter tout actionnement involontaire des v\u00e9rins.","og_url":"https:\/\/fisiotech.com\/fr\/prodotto\/aimant-de-securite-serie-new-professional\/","og_site_name":"FisioTech","article_modified_time":"2025-03-31T07:39:10+00:00","og_image":[{"width":750,"height":750,"url":"https:\/\/fisiotech.com\/wp-content\/uploads\/2023\/09\/Dispositivo-sicurezza.jpg","type":"image\/jpeg"}],"twitter_card":"summary_large_image","schema":{"@context":"https:\/\/schema.org","@graph":[{"@type":"WebPage","@id":"https:\/\/fisiotech.com\/fr\/prodotto\/aimant-de-securite-serie-new-professional\/","url":"https:\/\/fisiotech.com\/fr\/prodotto\/aimant-de-securite-serie-new-professional\/","name":"AIMANT DE S\u00c9CURIT\u00c9 S\u00c9RIE NEW PROFESSIONAL | FisioTech","isPartOf":{"@id":"https:\/\/fisiotech.com\/fr\/#website"},"primaryImageOfPage":{"@id":"https:\/\/fisiotech.com\/fr\/prodotto\/aimant-de-securite-serie-new-professional\/#primaryimage"},"image":{"@id":"https:\/\/fisiotech.com\/fr\/prodotto\/aimant-de-securite-serie-new-professional\/#primaryimage"},"thumbnailUrl":"https:\/\/fisiotech.com\/wp-content\/uploads\/2023\/09\/Dispositivo-sicurezza.jpg","datePublished":"2025-03-31T07:36:08+00:00","dateModified":"2025-03-31T07:39:10+00:00","description":"Enl\u00e8vant l\u00b4aimant les fonctions de r\u00e9glage \u00e9lectrique sont bloqu\u00e9es pour \u00e9viter tout actionnement involontaire des v\u00e9rins.","breadcrumb":{"@id":"https:\/\/fisiotech.com\/fr\/prodotto\/aimant-de-securite-serie-new-professional\/#breadcrumb"},"inLanguage":"fr-FR","potentialAction":[{"@type":"ReadAction","target":["https:\/\/fisiotech.com\/fr\/prodotto\/aimant-de-securite-serie-new-professional\/"]}]},{"@type":"ImageObject","inLanguage":"fr-FR","@id":"https:\/\/fisiotech.com\/fr\/prodotto\/aimant-de-securite-serie-new-professional\/#primaryimage","url":"https:\/\/fisiotech.com\/wp-content\/uploads\/2023\/09\/Dispositivo-sicurezza.jpg","contentUrl":"https:\/\/fisiotech.com\/wp-content\/uploads\/2023\/09\/Dispositivo-sicurezza.jpg","width":750,"height":750},{"@type":"BreadcrumbList","@id":"https:\/\/fisiotech.com\/fr\/prodotto\/aimant-de-securite-serie-new-professional\/#breadcrumb","itemListElement":[{"@type":"ListItem","position":1,"name":"Home","item":"https:\/\/fisiotech.com\/fr\/"},{"@type":"ListItem","position":2,"name":"Boutique","item":"https:\/\/fisiotech.com\/fr\/boutique\/"},{"@type":"ListItem","position":3,"name":"Accessoires","item":"https:\/\/fisiotech.com\/fr\/categoria-prodotto\/accessoires\/"},{"@type":"ListItem","position":4,"name":"AIMANT DE S\u00c9CURIT\u00c9 S\u00c9RIE NEW PROFESSIONAL"}]},{"@type":"WebSite","@id":"https:\/\/fisiotech.com\/fr\/#website","url":"https:\/\/fisiotech.com\/fr\/","name":"FisioTech","description":"Tecnologie al servizio della salute","publisher":{"@id":"https:\/\/fisiotech.com\/fr\/#organization"},"potentialAction":[{"@type":"SearchAction","target":{"@type":"EntryPoint","urlTemplate":"https:\/\/fisiotech.com\/fr\/?s={search_term_string}"},"query-input":{"@type":"PropertyValueSpecification","valueRequired":true,"valueName":"search_term_string"}}],"inLanguage":"fr-FR"},{"@type":"Organization","@id":"https:\/\/fisiotech.com\/fr\/#organization","name":"FisioTech - Tecnologie al servizio della salute","url":"https:\/\/fisiotech.com\/fr\/","logo":{"@type":"ImageObject","inLanguage":"fr-FR","@id":"https:\/\/fisiotech.com\/fr\/#\/schema\/logo\/image\/","url":"https:\/\/fisiotech.com\/wp-content\/uploads\/2023\/09\/cropped-Fisiotech-logo.png","contentUrl":"https:\/\/fisiotech.com\/wp-content\/uploads\/2023\/09\/cropped-Fisiotech-logo.png","width":861,"height":329,"caption":"FisioTech - Tecnologie al servizio della salute"},"image":{"@id":"https:\/\/fisiotech.com\/fr\/#\/schema\/logo\/image\/"}}]}},"_links":{"self":[{"href":"https:\/\/fisiotech.com\/fr\/wp-json\/wp\/v2\/product\/14597","targetHints":{"allow":["GET"]}}],"collection":[{"href":"https:\/\/fisiotech.com\/fr\/wp-json\/wp\/v2\/product"}],"about":[{"href":"https:\/\/fisiotech.com\/fr\/wp-json\/wp\/v2\/types\/product"}],"version-history":[{"count":2,"href":"https:\/\/fisiotech.com\/fr\/wp-json\/wp\/v2\/product\/14597\/revisions"}],"predecessor-version":[{"id":14602,"href":"https:\/\/fisiotech.com\/fr\/wp-json\/wp\/v2\/product\/14597\/revisions\/14602"}],"wp:featuredmedia":[{"embeddable":true,"href":"https:\/\/fisiotech.com\/fr\/wp-json\/wp\/v2\/media\/5145"}],"wp:attachment":[{"href":"https:\/\/fisiotech.com\/fr\/wp-json\/wp\/v2\/media?parent=14597"}],"wp:term":[{"taxonomy":"product_brand","embeddable":true,"href":"https:\/\/fisiotech.com\/fr\/wp-json\/wp\/v2\/product_brand?post=14597"},{"taxonomy":"product_cat","embeddable":true,"href":"https:\/\/fisiotech.com\/fr\/wp-json\/wp\/v2\/product_cat?post=14597"},{"taxonomy":"product_tag","embeddable":true,"href":"https:\/\/fisiotech.com\/fr\/wp-json\/wp\/v2\/product_tag?post=14597"}],"curies":[{"name":"wp","href":"https:\/\/api.w.org\/{rel}","templated":true}]}}