{"id":14133,"date":"2024-03-06T09:56:13","date_gmt":"2024-03-06T09:56:13","guid":{"rendered":"https:\/\/fisiotech.com\/prodotto\/velo-dappartement-electromagnetique\/"},"modified":"2026-03-16T10:21:35","modified_gmt":"2026-03-16T10:21:35","slug":"velo-dappartement-electromagnetique","status":"publish","type":"product","link":"https:\/\/fisiotech.com\/fr\/prodotto\/velo-dappartement-electromagnetique\/","title":{"rendered":"V\u00c9LO D&rsquo;APPARTEMENT \u00c9LECTROMAGN\u00c9TIQUE"},"content":{"rendered":"","protected":false},"excerpt":{"rendered":"<p>V\u00e9lo d\u00b4appartement \u00e9lectromagn\u00e9tique pour entra\u00eenement maison. Ce v\u00e9lo, aussi nomm\u00e9 cycloergom\u00e8tre, est id\u00e9al pour le r\u00e9tablissement des muscles des membres inf\u00e9rieurs gr\u00e2ce \u00e0 la possibilit\u00e9 de r\u00e9gler manuellement la r\u00e9sistance et de voir constamment les d\u00e9tails les plus importants de l\u00b4entra\u00eenement. Il peut \u00eatre utilis\u00e9 aussi pour les \u00e9preuves d\u00b4effort m\u00e9dicales.<\/p>\n","protected":false},"featured_media":3884,"template":"","meta":{"_acf_changed":false},"product_brand":[],"product_cat":[342],"product_tag":[],"class_list":{"0":"post-14133","1":"product","2":"type-product","3":"status-publish","4":"has-post-thumbnail","6":"product_cat-entrainement-maison","8":"entry","9":"has-media","11":"first","12":"instock","13":"shipping-taxable","14":"purchasable","15":"product-type-simple","16":"has-product-nav","17":"col","18":"span_1_of_3","19":"owp-content-center","20":"owp-thumbs-layout-horizontal","21":"owp-btn-normal","22":"owp-tabs-layout-horizontal"},"acf":[],"yoast_head":"<!-- This site is optimized with the Yoast SEO plugin v27.4 - https:\/\/yoast.com\/product\/yoast-seo-wordpress\/ -->\n<title>V\u00c9LO D&#039;APPARTEMENT \u00c9LECTROMAGN\u00c9TIQUE | FisioTech<\/title>\n<meta name=\"description\" content=\"V\u00e9lo d\u00b4appartement \u00e9lectromagn\u00e9tique pour entra\u00eenement maison. Ce v\u00e9lo, aussi nomm\u00e9 cycloergom\u00e8tre, est id\u00e9al pour le r\u00e9tablissement des muscles des membres inf\u00e9rieurs gr\u00e2ce \u00e0 la possibilit\u00e9 de r\u00e9gler manuellement la r\u00e9sistance et de voir constamment les d\u00e9tails les plus importants de l\u00b4entra\u00eenement. Il peut \u00eatre utilis\u00e9 aussi pour les \u00e9preuves d\u00b4effort m\u00e9dicales.\" \/>\n<meta name=\"robots\" content=\"index, follow, max-snippet:-1, max-image-preview:large, max-video-preview:-1\" \/>\n<link rel=\"canonical\" href=\"https:\/\/fisiotech.com\/fr\/prodotto\/velo-dappartement-electromagnetique\/\" \/>\n<meta property=\"og:locale\" content=\"fr_FR\" \/>\n<meta property=\"og:type\" content=\"article\" \/>\n<meta property=\"og:title\" content=\"V\u00c9LO D&#039;APPARTEMENT \u00c9LECTROMAGN\u00c9TIQUE | FisioTech\" \/>\n<meta property=\"og:description\" content=\"V\u00e9lo d\u00b4appartement \u00e9lectromagn\u00e9tique pour entra\u00eenement maison. Ce v\u00e9lo, aussi nomm\u00e9 cycloergom\u00e8tre, est id\u00e9al pour le r\u00e9tablissement des muscles des membres inf\u00e9rieurs gr\u00e2ce \u00e0 la possibilit\u00e9 de r\u00e9gler manuellement la r\u00e9sistance et de voir constamment les d\u00e9tails les plus importants de l\u00b4entra\u00eenement. Il peut \u00eatre utilis\u00e9 aussi pour les \u00e9preuves d\u00b4effort m\u00e9dicales.\" \/>\n<meta property=\"og:url\" content=\"https:\/\/fisiotech.com\/fr\/prodotto\/velo-dappartement-electromagnetique\/\" \/>\n<meta property=\"og:site_name\" content=\"FisioTech\" \/>\n<meta property=\"article:modified_time\" content=\"2026-03-16T10:21:35+00:00\" \/>\n<meta property=\"og:image\" content=\"https:\/\/fisiotech.com\/wp-content\/uploads\/2024\/03\/cyclette-elettromagnetica.jpg\" \/>\n\t<meta property=\"og:image:width\" content=\"750\" \/>\n\t<meta property=\"og:image:height\" content=\"750\" \/>\n\t<meta property=\"og:image:type\" content=\"image\/jpeg\" \/>\n<meta name=\"twitter:card\" content=\"summary_large_image\" \/>\n<meta name=\"twitter:label1\" content=\"Dur\u00e9e de lecture estim\u00e9e\" \/>\n\t<meta name=\"twitter:data1\" content=\"1 minute\" \/>\n<script type=\"application\/ld+json\" class=\"yoast-schema-graph\">{\"@context\":\"https:\\\/\\\/schema.org\",\"@graph\":[{\"@type\":\"WebPage\",\"@id\":\"https:\\\/\\\/fisiotech.com\\\/fr\\\/prodotto\\\/velo-dappartement-electromagnetique\\\/\",\"url\":\"https:\\\/\\\/fisiotech.com\\\/fr\\\/prodotto\\\/velo-dappartement-electromagnetique\\\/\",\"name\":\"V\u00c9LO D'APPARTEMENT \u00c9LECTROMAGN\u00c9TIQUE | FisioTech\",\"isPartOf\":{\"@id\":\"https:\\\/\\\/fisiotech.com\\\/fr\\\/#website\"},\"primaryImageOfPage\":{\"@id\":\"https:\\\/\\\/fisiotech.com\\\/fr\\\/prodotto\\\/velo-dappartement-electromagnetique\\\/#primaryimage\"},\"image\":{\"@id\":\"https:\\\/\\\/fisiotech.com\\\/fr\\\/prodotto\\\/velo-dappartement-electromagnetique\\\/#primaryimage\"},\"thumbnailUrl\":\"https:\\\/\\\/fisiotech.com\\\/wp-content\\\/uploads\\\/2024\\\/03\\\/cyclette-elettromagnetica.jpg\",\"datePublished\":\"2024-03-06T09:56:13+00:00\",\"dateModified\":\"2026-03-16T10:21:35+00:00\",\"description\":\"V\u00e9lo d\u00b4appartement \u00e9lectromagn\u00e9tique pour entra\u00eenement maison. Ce v\u00e9lo, aussi nomm\u00e9 cycloergom\u00e8tre, est id\u00e9al pour le r\u00e9tablissement des muscles des membres inf\u00e9rieurs gr\u00e2ce \u00e0 la possibilit\u00e9 de r\u00e9gler manuellement la r\u00e9sistance et de voir constamment les d\u00e9tails les plus importants de l\u00b4entra\u00eenement. Il peut \u00eatre utilis\u00e9 aussi pour les \u00e9preuves d\u00b4effort m\u00e9dicales.\",\"breadcrumb\":{\"@id\":\"https:\\\/\\\/fisiotech.com\\\/fr\\\/prodotto\\\/velo-dappartement-electromagnetique\\\/#breadcrumb\"},\"inLanguage\":\"fr-FR\",\"potentialAction\":[{\"@type\":\"ReadAction\",\"target\":[\"https:\\\/\\\/fisiotech.com\\\/fr\\\/prodotto\\\/velo-dappartement-electromagnetique\\\/\"]}]},{\"@type\":\"ImageObject\",\"inLanguage\":\"fr-FR\",\"@id\":\"https:\\\/\\\/fisiotech.com\\\/fr\\\/prodotto\\\/velo-dappartement-electromagnetique\\\/#primaryimage\",\"url\":\"https:\\\/\\\/fisiotech.com\\\/wp-content\\\/uploads\\\/2024\\\/03\\\/cyclette-elettromagnetica.jpg\",\"contentUrl\":\"https:\\\/\\\/fisiotech.com\\\/wp-content\\\/uploads\\\/2024\\\/03\\\/cyclette-elettromagnetica.jpg\",\"width\":750,\"height\":750},{\"@type\":\"BreadcrumbList\",\"@id\":\"https:\\\/\\\/fisiotech.com\\\/fr\\\/prodotto\\\/velo-dappartement-electromagnetique\\\/#breadcrumb\",\"itemListElement\":[{\"@type\":\"ListItem\",\"position\":1,\"name\":\"Home\",\"item\":\"https:\\\/\\\/fisiotech.com\\\/fr\\\/\"},{\"@type\":\"ListItem\",\"position\":2,\"name\":\"Boutique\",\"item\":\"https:\\\/\\\/fisiotech.com\\\/fr\\\/boutique\\\/\"},{\"@type\":\"ListItem\",\"position\":3,\"name\":\"Entra\u00eenement maison\",\"item\":\"https:\\\/\\\/fisiotech.com\\\/fr\\\/categoria-prodotto\\\/entrainement-maison\\\/\"},{\"@type\":\"ListItem\",\"position\":4,\"name\":\"V\u00c9LO D&#8217;APPARTEMENT \u00c9LECTROMAGN\u00c9TIQUE\"}]},{\"@type\":\"WebSite\",\"@id\":\"https:\\\/\\\/fisiotech.com\\\/fr\\\/#website\",\"url\":\"https:\\\/\\\/fisiotech.com\\\/fr\\\/\",\"name\":\"FisioTech\",\"description\":\"Tecnologie al servizio della salute\",\"publisher\":{\"@id\":\"https:\\\/\\\/fisiotech.com\\\/fr\\\/#organization\"},\"potentialAction\":[{\"@type\":\"SearchAction\",\"target\":{\"@type\":\"EntryPoint\",\"urlTemplate\":\"https:\\\/\\\/fisiotech.com\\\/fr\\\/?s={search_term_string}\"},\"query-input\":{\"@type\":\"PropertyValueSpecification\",\"valueRequired\":true,\"valueName\":\"search_term_string\"}}],\"inLanguage\":\"fr-FR\"},{\"@type\":\"Organization\",\"@id\":\"https:\\\/\\\/fisiotech.com\\\/fr\\\/#organization\",\"name\":\"FisioTech - Tecnologie al servizio della salute\",\"url\":\"https:\\\/\\\/fisiotech.com\\\/fr\\\/\",\"logo\":{\"@type\":\"ImageObject\",\"inLanguage\":\"fr-FR\",\"@id\":\"https:\\\/\\\/fisiotech.com\\\/fr\\\/#\\\/schema\\\/logo\\\/image\\\/\",\"url\":\"https:\\\/\\\/fisiotech.com\\\/wp-content\\\/uploads\\\/2023\\\/09\\\/cropped-Fisiotech-logo.png\",\"contentUrl\":\"https:\\\/\\\/fisiotech.com\\\/wp-content\\\/uploads\\\/2023\\\/09\\\/cropped-Fisiotech-logo.png\",\"width\":861,\"height\":329,\"caption\":\"FisioTech - Tecnologie al servizio della salute\"},\"image\":{\"@id\":\"https:\\\/\\\/fisiotech.com\\\/fr\\\/#\\\/schema\\\/logo\\\/image\\\/\"}}]}<\/script>\n<!-- \/ Yoast SEO plugin. -->","yoast_head_json":{"title":"V\u00c9LO D'APPARTEMENT \u00c9LECTROMAGN\u00c9TIQUE | FisioTech","description":"V\u00e9lo d\u00b4appartement \u00e9lectromagn\u00e9tique pour entra\u00eenement maison. Ce v\u00e9lo, aussi nomm\u00e9 cycloergom\u00e8tre, est id\u00e9al pour le r\u00e9tablissement des muscles des membres inf\u00e9rieurs gr\u00e2ce \u00e0 la possibilit\u00e9 de r\u00e9gler manuellement la r\u00e9sistance et de voir constamment les d\u00e9tails les plus importants de l\u00b4entra\u00eenement. Il peut \u00eatre utilis\u00e9 aussi pour les \u00e9preuves d\u00b4effort m\u00e9dicales.","robots":{"index":"index","follow":"follow","max-snippet":"max-snippet:-1","max-image-preview":"max-image-preview:large","max-video-preview":"max-video-preview:-1"},"canonical":"https:\/\/fisiotech.com\/fr\/prodotto\/velo-dappartement-electromagnetique\/","og_locale":"fr_FR","og_type":"article","og_title":"V\u00c9LO D'APPARTEMENT \u00c9LECTROMAGN\u00c9TIQUE | FisioTech","og_description":"V\u00e9lo d\u00b4appartement \u00e9lectromagn\u00e9tique pour entra\u00eenement maison. Ce v\u00e9lo, aussi nomm\u00e9 cycloergom\u00e8tre, est id\u00e9al pour le r\u00e9tablissement des muscles des membres inf\u00e9rieurs gr\u00e2ce \u00e0 la possibilit\u00e9 de r\u00e9gler manuellement la r\u00e9sistance et de voir constamment les d\u00e9tails les plus importants de l\u00b4entra\u00eenement. Il peut \u00eatre utilis\u00e9 aussi pour les \u00e9preuves d\u00b4effort m\u00e9dicales.","og_url":"https:\/\/fisiotech.com\/fr\/prodotto\/velo-dappartement-electromagnetique\/","og_site_name":"FisioTech","article_modified_time":"2026-03-16T10:21:35+00:00","og_image":[{"width":750,"height":750,"url":"https:\/\/fisiotech.com\/wp-content\/uploads\/2024\/03\/cyclette-elettromagnetica.jpg","type":"image\/jpeg"}],"twitter_card":"summary_large_image","twitter_misc":{"Dur\u00e9e de lecture estim\u00e9e":"1 minute"},"schema":{"@context":"https:\/\/schema.org","@graph":[{"@type":"WebPage","@id":"https:\/\/fisiotech.com\/fr\/prodotto\/velo-dappartement-electromagnetique\/","url":"https:\/\/fisiotech.com\/fr\/prodotto\/velo-dappartement-electromagnetique\/","name":"V\u00c9LO D'APPARTEMENT \u00c9LECTROMAGN\u00c9TIQUE | FisioTech","isPartOf":{"@id":"https:\/\/fisiotech.com\/fr\/#website"},"primaryImageOfPage":{"@id":"https:\/\/fisiotech.com\/fr\/prodotto\/velo-dappartement-electromagnetique\/#primaryimage"},"image":{"@id":"https:\/\/fisiotech.com\/fr\/prodotto\/velo-dappartement-electromagnetique\/#primaryimage"},"thumbnailUrl":"https:\/\/fisiotech.com\/wp-content\/uploads\/2024\/03\/cyclette-elettromagnetica.jpg","datePublished":"2024-03-06T09:56:13+00:00","dateModified":"2026-03-16T10:21:35+00:00","description":"V\u00e9lo d\u00b4appartement \u00e9lectromagn\u00e9tique pour entra\u00eenement maison. Ce v\u00e9lo, aussi nomm\u00e9 cycloergom\u00e8tre, est id\u00e9al pour le r\u00e9tablissement des muscles des membres inf\u00e9rieurs gr\u00e2ce \u00e0 la possibilit\u00e9 de r\u00e9gler manuellement la r\u00e9sistance et de voir constamment les d\u00e9tails les plus importants de l\u00b4entra\u00eenement. Il peut \u00eatre utilis\u00e9 aussi pour les \u00e9preuves d\u00b4effort m\u00e9dicales.","breadcrumb":{"@id":"https:\/\/fisiotech.com\/fr\/prodotto\/velo-dappartement-electromagnetique\/#breadcrumb"},"inLanguage":"fr-FR","potentialAction":[{"@type":"ReadAction","target":["https:\/\/fisiotech.com\/fr\/prodotto\/velo-dappartement-electromagnetique\/"]}]},{"@type":"ImageObject","inLanguage":"fr-FR","@id":"https:\/\/fisiotech.com\/fr\/prodotto\/velo-dappartement-electromagnetique\/#primaryimage","url":"https:\/\/fisiotech.com\/wp-content\/uploads\/2024\/03\/cyclette-elettromagnetica.jpg","contentUrl":"https:\/\/fisiotech.com\/wp-content\/uploads\/2024\/03\/cyclette-elettromagnetica.jpg","width":750,"height":750},{"@type":"BreadcrumbList","@id":"https:\/\/fisiotech.com\/fr\/prodotto\/velo-dappartement-electromagnetique\/#breadcrumb","itemListElement":[{"@type":"ListItem","position":1,"name":"Home","item":"https:\/\/fisiotech.com\/fr\/"},{"@type":"ListItem","position":2,"name":"Boutique","item":"https:\/\/fisiotech.com\/fr\/boutique\/"},{"@type":"ListItem","position":3,"name":"Entra\u00eenement maison","item":"https:\/\/fisiotech.com\/fr\/categoria-prodotto\/entrainement-maison\/"},{"@type":"ListItem","position":4,"name":"V\u00c9LO D&#8217;APPARTEMENT \u00c9LECTROMAGN\u00c9TIQUE"}]},{"@type":"WebSite","@id":"https:\/\/fisiotech.com\/fr\/#website","url":"https:\/\/fisiotech.com\/fr\/","name":"FisioTech","description":"Tecnologie al servizio della salute","publisher":{"@id":"https:\/\/fisiotech.com\/fr\/#organization"},"potentialAction":[{"@type":"SearchAction","target":{"@type":"EntryPoint","urlTemplate":"https:\/\/fisiotech.com\/fr\/?s={search_term_string}"},"query-input":{"@type":"PropertyValueSpecification","valueRequired":true,"valueName":"search_term_string"}}],"inLanguage":"fr-FR"},{"@type":"Organization","@id":"https:\/\/fisiotech.com\/fr\/#organization","name":"FisioTech - Tecnologie al servizio della salute","url":"https:\/\/fisiotech.com\/fr\/","logo":{"@type":"ImageObject","inLanguage":"fr-FR","@id":"https:\/\/fisiotech.com\/fr\/#\/schema\/logo\/image\/","url":"https:\/\/fisiotech.com\/wp-content\/uploads\/2023\/09\/cropped-Fisiotech-logo.png","contentUrl":"https:\/\/fisiotech.com\/wp-content\/uploads\/2023\/09\/cropped-Fisiotech-logo.png","width":861,"height":329,"caption":"FisioTech - Tecnologie al servizio della salute"},"image":{"@id":"https:\/\/fisiotech.com\/fr\/#\/schema\/logo\/image\/"}}]}},"_links":{"self":[{"href":"https:\/\/fisiotech.com\/fr\/wp-json\/wp\/v2\/product\/14133","targetHints":{"allow":["GET"]}}],"collection":[{"href":"https:\/\/fisiotech.com\/fr\/wp-json\/wp\/v2\/product"}],"about":[{"href":"https:\/\/fisiotech.com\/fr\/wp-json\/wp\/v2\/types\/product"}],"version-history":[{"count":2,"href":"https:\/\/fisiotech.com\/fr\/wp-json\/wp\/v2\/product\/14133\/revisions"}],"predecessor-version":[{"id":15944,"href":"https:\/\/fisiotech.com\/fr\/wp-json\/wp\/v2\/product\/14133\/revisions\/15944"}],"wp:featuredmedia":[{"embeddable":true,"href":"https:\/\/fisiotech.com\/fr\/wp-json\/wp\/v2\/media\/3884"}],"wp:attachment":[{"href":"https:\/\/fisiotech.com\/fr\/wp-json\/wp\/v2\/media?parent=14133"}],"wp:term":[{"taxonomy":"product_brand","embeddable":true,"href":"https:\/\/fisiotech.com\/fr\/wp-json\/wp\/v2\/product_brand?post=14133"},{"taxonomy":"product_cat","embeddable":true,"href":"https:\/\/fisiotech.com\/fr\/wp-json\/wp\/v2\/product_cat?post=14133"},{"taxonomy":"product_tag","embeddable":true,"href":"https:\/\/fisiotech.com\/fr\/wp-json\/wp\/v2\/product_tag?post=14133"}],"curies":[{"name":"wp","href":"https:\/\/api.w.org\/{rel}","templated":true}]}}