{"id":13974,"date":"2024-02-06T22:57:24","date_gmt":"2024-02-06T22:57:24","guid":{"rendered":"https:\/\/fisiotech.com\/prodotto\/gueridon-multi-usage\/"},"modified":"2026-03-16T10:21:42","modified_gmt":"2026-03-16T10:21:42","slug":"gueridon-multi-usage","status":"publish","type":"product","link":"https:\/\/fisiotech.com\/fr\/prodotto\/gueridon-multi-usage\/","title":{"rendered":"GU\u00c9RIDON MULTI-USAGE"},"content":{"rendered":"","protected":false},"excerpt":{"rendered":"<p>Gu\u00e9ridon multi-usage avec structure tubulaire, soud\u00e9e avec acier inox 18\/10 (AISI 304), diam\u00e8tre 25 mm. Avec 2 barres de d\u00e9placement en acier inox, 4 roulettes pivotantes diam\u00e8tre 125 mm et pare-chocs. <\/p>\n","protected":false},"featured_media":3576,"template":"","meta":{"_acf_changed":false},"product_brand":[],"product_cat":[310,314],"product_tag":[],"class_list":{"0":"post-13974","1":"product","2":"type-product","3":"status-publish","4":"has-post-thumbnail","6":"product_cat-mobilier","7":"product_cat-mobilier-cabinet-medical","9":"entry","10":"has-media","12":"first","13":"outofstock","14":"shipping-taxable","15":"product-type-variable","16":"has-default-attributes","17":"has-product-nav","18":"col","19":"span_1_of_3","20":"owp-content-center","21":"owp-thumbs-layout-horizontal","22":"owp-btn-normal","23":"owp-tabs-layout-horizontal","24":"has-no-thumbnails"},"acf":[],"yoast_head":"<!-- This site is optimized with the Yoast SEO plugin v26.0 - https:\/\/yoast.com\/wordpress\/plugins\/seo\/ -->\n<title>GU\u00c9RIDON MULTI-USAGE | FisioTech<\/title>\n<meta name=\"description\" content=\"Gu\u00e9ridon multi-usage avec structure tubulaire, soud\u00e9e avec acier inox 18\/10 (AISI 304), diam\u00e8tre 25 mm. Avec 2 barres de d\u00e9placement en acier inox, 4 roulettes pivotantes diam\u00e8tre 125 mm et pare-chocs.\" \/>\n<meta name=\"robots\" content=\"index, follow, max-snippet:-1, max-image-preview:large, max-video-preview:-1\" \/>\n<link rel=\"canonical\" href=\"https:\/\/fisiotech.com\/fr\/prodotto\/gueridon-multi-usage\/\" \/>\n<meta property=\"og:locale\" content=\"fr_FR\" \/>\n<meta property=\"og:type\" content=\"article\" \/>\n<meta property=\"og:title\" content=\"GU\u00c9RIDON MULTI-USAGE | FisioTech\" \/>\n<meta property=\"og:description\" content=\"Gu\u00e9ridon multi-usage avec structure tubulaire, soud\u00e9e avec acier inox 18\/10 (AISI 304), diam\u00e8tre 25 mm. Avec 2 barres de d\u00e9placement en acier inox, 4 roulettes pivotantes diam\u00e8tre 125 mm et pare-chocs.\" \/>\n<meta property=\"og:url\" content=\"https:\/\/fisiotech.com\/fr\/prodotto\/gueridon-multi-usage\/\" \/>\n<meta property=\"og:site_name\" content=\"FisioTech\" \/>\n<meta property=\"article:modified_time\" content=\"2026-03-16T10:21:42+00:00\" \/>\n<meta property=\"og:image\" content=\"https:\/\/fisiotech.com\/wp-content\/uploads\/2024\/02\/carrello-acciaio-2-ripiani.jpg\" \/>\n\t<meta property=\"og:image:width\" content=\"750\" \/>\n\t<meta property=\"og:image:height\" content=\"750\" \/>\n\t<meta property=\"og:image:type\" content=\"image\/jpeg\" \/>\n<meta name=\"twitter:card\" content=\"summary_large_image\" \/>\n<script type=\"application\/ld+json\" class=\"yoast-schema-graph\">{\"@context\":\"https:\/\/schema.org\",\"@graph\":[{\"@type\":\"WebPage\",\"@id\":\"https:\/\/fisiotech.com\/fr\/prodotto\/gueridon-multi-usage\/\",\"url\":\"https:\/\/fisiotech.com\/fr\/prodotto\/gueridon-multi-usage\/\",\"name\":\"GU\u00c9RIDON MULTI-USAGE | FisioTech\",\"isPartOf\":{\"@id\":\"https:\/\/fisiotech.com\/fr\/#website\"},\"primaryImageOfPage\":{\"@id\":\"https:\/\/fisiotech.com\/fr\/prodotto\/gueridon-multi-usage\/#primaryimage\"},\"image\":{\"@id\":\"https:\/\/fisiotech.com\/fr\/prodotto\/gueridon-multi-usage\/#primaryimage\"},\"thumbnailUrl\":\"https:\/\/fisiotech.com\/wp-content\/uploads\/2024\/02\/carrello-acciaio-2-ripiani.jpg\",\"datePublished\":\"2024-02-06T22:57:24+00:00\",\"dateModified\":\"2026-03-16T10:21:42+00:00\",\"description\":\"Gu\u00e9ridon multi-usage avec structure tubulaire, soud\u00e9e avec acier inox 18\/10 (AISI 304), diam\u00e8tre 25 mm. Avec 2 barres de d\u00e9placement en acier inox, 4 roulettes pivotantes diam\u00e8tre 125 mm et pare-chocs.\",\"breadcrumb\":{\"@id\":\"https:\/\/fisiotech.com\/fr\/prodotto\/gueridon-multi-usage\/#breadcrumb\"},\"inLanguage\":\"fr-FR\",\"potentialAction\":[{\"@type\":\"ReadAction\",\"target\":[\"https:\/\/fisiotech.com\/fr\/prodotto\/gueridon-multi-usage\/\"]}]},{\"@type\":\"ImageObject\",\"inLanguage\":\"fr-FR\",\"@id\":\"https:\/\/fisiotech.com\/fr\/prodotto\/gueridon-multi-usage\/#primaryimage\",\"url\":\"https:\/\/fisiotech.com\/wp-content\/uploads\/2024\/02\/carrello-acciaio-2-ripiani.jpg\",\"contentUrl\":\"https:\/\/fisiotech.com\/wp-content\/uploads\/2024\/02\/carrello-acciaio-2-ripiani.jpg\",\"width\":750,\"height\":750},{\"@type\":\"BreadcrumbList\",\"@id\":\"https:\/\/fisiotech.com\/fr\/prodotto\/gueridon-multi-usage\/#breadcrumb\",\"itemListElement\":[{\"@type\":\"ListItem\",\"position\":1,\"name\":\"Home\",\"item\":\"https:\/\/fisiotech.com\/fr\/\"},{\"@type\":\"ListItem\",\"position\":2,\"name\":\"Boutique\",\"item\":\"https:\/\/fisiotech.com\/fr\/boutique\/\"},{\"@type\":\"ListItem\",\"position\":3,\"name\":\"Mobilier\",\"item\":\"https:\/\/fisiotech.com\/fr\/categoria-prodotto\/mobilier\/\"},{\"@type\":\"ListItem\",\"position\":4,\"name\":\"Mobilier cabinet m\u00e9dical\",\"item\":\"https:\/\/fisiotech.com\/fr\/categoria-prodotto\/mobilier\/mobilier-cabinet-medical\/\"},{\"@type\":\"ListItem\",\"position\":5,\"name\":\"GU\u00c9RIDON MULTI-USAGE\"}]},{\"@type\":\"WebSite\",\"@id\":\"https:\/\/fisiotech.com\/fr\/#website\",\"url\":\"https:\/\/fisiotech.com\/fr\/\",\"name\":\"FisioTech\",\"description\":\"Tecnologie al servizio della salute\",\"publisher\":{\"@id\":\"https:\/\/fisiotech.com\/fr\/#organization\"},\"potentialAction\":[{\"@type\":\"SearchAction\",\"target\":{\"@type\":\"EntryPoint\",\"urlTemplate\":\"https:\/\/fisiotech.com\/fr\/?s={search_term_string}\"},\"query-input\":{\"@type\":\"PropertyValueSpecification\",\"valueRequired\":true,\"valueName\":\"search_term_string\"}}],\"inLanguage\":\"fr-FR\"},{\"@type\":\"Organization\",\"@id\":\"https:\/\/fisiotech.com\/fr\/#organization\",\"name\":\"FisioTech - Tecnologie al servizio della salute\",\"url\":\"https:\/\/fisiotech.com\/fr\/\",\"logo\":{\"@type\":\"ImageObject\",\"inLanguage\":\"fr-FR\",\"@id\":\"https:\/\/fisiotech.com\/fr\/#\/schema\/logo\/image\/\",\"url\":\"https:\/\/fisiotech.com\/wp-content\/uploads\/2023\/09\/cropped-Fisiotech-logo.png\",\"contentUrl\":\"https:\/\/fisiotech.com\/wp-content\/uploads\/2023\/09\/cropped-Fisiotech-logo.png\",\"width\":861,\"height\":329,\"caption\":\"FisioTech - Tecnologie al servizio della salute\"},\"image\":{\"@id\":\"https:\/\/fisiotech.com\/fr\/#\/schema\/logo\/image\/\"}}]}<\/script>\n<!-- \/ Yoast SEO plugin. -->","yoast_head_json":{"title":"GU\u00c9RIDON MULTI-USAGE | FisioTech","description":"Gu\u00e9ridon multi-usage avec structure tubulaire, soud\u00e9e avec acier inox 18\/10 (AISI 304), diam\u00e8tre 25 mm. Avec 2 barres de d\u00e9placement en acier inox, 4 roulettes pivotantes diam\u00e8tre 125 mm et pare-chocs.","robots":{"index":"index","follow":"follow","max-snippet":"max-snippet:-1","max-image-preview":"max-image-preview:large","max-video-preview":"max-video-preview:-1"},"canonical":"https:\/\/fisiotech.com\/fr\/prodotto\/gueridon-multi-usage\/","og_locale":"fr_FR","og_type":"article","og_title":"GU\u00c9RIDON MULTI-USAGE | FisioTech","og_description":"Gu\u00e9ridon multi-usage avec structure tubulaire, soud\u00e9e avec acier inox 18\/10 (AISI 304), diam\u00e8tre 25 mm. Avec 2 barres de d\u00e9placement en acier inox, 4 roulettes pivotantes diam\u00e8tre 125 mm et pare-chocs.","og_url":"https:\/\/fisiotech.com\/fr\/prodotto\/gueridon-multi-usage\/","og_site_name":"FisioTech","article_modified_time":"2026-03-16T10:21:42+00:00","og_image":[{"width":750,"height":750,"url":"https:\/\/fisiotech.com\/wp-content\/uploads\/2024\/02\/carrello-acciaio-2-ripiani.jpg","type":"image\/jpeg"}],"twitter_card":"summary_large_image","schema":{"@context":"https:\/\/schema.org","@graph":[{"@type":"WebPage","@id":"https:\/\/fisiotech.com\/fr\/prodotto\/gueridon-multi-usage\/","url":"https:\/\/fisiotech.com\/fr\/prodotto\/gueridon-multi-usage\/","name":"GU\u00c9RIDON MULTI-USAGE | FisioTech","isPartOf":{"@id":"https:\/\/fisiotech.com\/fr\/#website"},"primaryImageOfPage":{"@id":"https:\/\/fisiotech.com\/fr\/prodotto\/gueridon-multi-usage\/#primaryimage"},"image":{"@id":"https:\/\/fisiotech.com\/fr\/prodotto\/gueridon-multi-usage\/#primaryimage"},"thumbnailUrl":"https:\/\/fisiotech.com\/wp-content\/uploads\/2024\/02\/carrello-acciaio-2-ripiani.jpg","datePublished":"2024-02-06T22:57:24+00:00","dateModified":"2026-03-16T10:21:42+00:00","description":"Gu\u00e9ridon multi-usage avec structure tubulaire, soud\u00e9e avec acier inox 18\/10 (AISI 304), diam\u00e8tre 25 mm. Avec 2 barres de d\u00e9placement en acier inox, 4 roulettes pivotantes diam\u00e8tre 125 mm et pare-chocs.","breadcrumb":{"@id":"https:\/\/fisiotech.com\/fr\/prodotto\/gueridon-multi-usage\/#breadcrumb"},"inLanguage":"fr-FR","potentialAction":[{"@type":"ReadAction","target":["https:\/\/fisiotech.com\/fr\/prodotto\/gueridon-multi-usage\/"]}]},{"@type":"ImageObject","inLanguage":"fr-FR","@id":"https:\/\/fisiotech.com\/fr\/prodotto\/gueridon-multi-usage\/#primaryimage","url":"https:\/\/fisiotech.com\/wp-content\/uploads\/2024\/02\/carrello-acciaio-2-ripiani.jpg","contentUrl":"https:\/\/fisiotech.com\/wp-content\/uploads\/2024\/02\/carrello-acciaio-2-ripiani.jpg","width":750,"height":750},{"@type":"BreadcrumbList","@id":"https:\/\/fisiotech.com\/fr\/prodotto\/gueridon-multi-usage\/#breadcrumb","itemListElement":[{"@type":"ListItem","position":1,"name":"Home","item":"https:\/\/fisiotech.com\/fr\/"},{"@type":"ListItem","position":2,"name":"Boutique","item":"https:\/\/fisiotech.com\/fr\/boutique\/"},{"@type":"ListItem","position":3,"name":"Mobilier","item":"https:\/\/fisiotech.com\/fr\/categoria-prodotto\/mobilier\/"},{"@type":"ListItem","position":4,"name":"Mobilier cabinet m\u00e9dical","item":"https:\/\/fisiotech.com\/fr\/categoria-prodotto\/mobilier\/mobilier-cabinet-medical\/"},{"@type":"ListItem","position":5,"name":"GU\u00c9RIDON MULTI-USAGE"}]},{"@type":"WebSite","@id":"https:\/\/fisiotech.com\/fr\/#website","url":"https:\/\/fisiotech.com\/fr\/","name":"FisioTech","description":"Tecnologie al servizio della salute","publisher":{"@id":"https:\/\/fisiotech.com\/fr\/#organization"},"potentialAction":[{"@type":"SearchAction","target":{"@type":"EntryPoint","urlTemplate":"https:\/\/fisiotech.com\/fr\/?s={search_term_string}"},"query-input":{"@type":"PropertyValueSpecification","valueRequired":true,"valueName":"search_term_string"}}],"inLanguage":"fr-FR"},{"@type":"Organization","@id":"https:\/\/fisiotech.com\/fr\/#organization","name":"FisioTech - Tecnologie al servizio della salute","url":"https:\/\/fisiotech.com\/fr\/","logo":{"@type":"ImageObject","inLanguage":"fr-FR","@id":"https:\/\/fisiotech.com\/fr\/#\/schema\/logo\/image\/","url":"https:\/\/fisiotech.com\/wp-content\/uploads\/2023\/09\/cropped-Fisiotech-logo.png","contentUrl":"https:\/\/fisiotech.com\/wp-content\/uploads\/2023\/09\/cropped-Fisiotech-logo.png","width":861,"height":329,"caption":"FisioTech - Tecnologie al servizio della salute"},"image":{"@id":"https:\/\/fisiotech.com\/fr\/#\/schema\/logo\/image\/"}}]}},"_links":{"self":[{"href":"https:\/\/fisiotech.com\/fr\/wp-json\/wp\/v2\/product\/13974","targetHints":{"allow":["GET"]}}],"collection":[{"href":"https:\/\/fisiotech.com\/fr\/wp-json\/wp\/v2\/product"}],"about":[{"href":"https:\/\/fisiotech.com\/fr\/wp-json\/wp\/v2\/types\/product"}],"version-history":[{"count":1,"href":"https:\/\/fisiotech.com\/fr\/wp-json\/wp\/v2\/product\/13974\/revisions"}],"predecessor-version":[{"id":13994,"href":"https:\/\/fisiotech.com\/fr\/wp-json\/wp\/v2\/product\/13974\/revisions\/13994"}],"wp:featuredmedia":[{"embeddable":true,"href":"https:\/\/fisiotech.com\/fr\/wp-json\/wp\/v2\/media\/3576"}],"wp:attachment":[{"href":"https:\/\/fisiotech.com\/fr\/wp-json\/wp\/v2\/media?parent=13974"}],"wp:term":[{"taxonomy":"product_brand","embeddable":true,"href":"https:\/\/fisiotech.com\/fr\/wp-json\/wp\/v2\/product_brand?post=13974"},{"taxonomy":"product_cat","embeddable":true,"href":"https:\/\/fisiotech.com\/fr\/wp-json\/wp\/v2\/product_cat?post=13974"},{"taxonomy":"product_tag","embeddable":true,"href":"https:\/\/fisiotech.com\/fr\/wp-json\/wp\/v2\/product_tag?post=13974"}],"curies":[{"name":"wp","href":"https:\/\/api.w.org\/{rel}","templated":true}]}}