{"id":13862,"date":"2024-01-09T10:30:21","date_gmt":"2024-01-09T10:30:21","guid":{"rendered":"https:\/\/fisiotech.com\/prodotto\/rack-de-rangement-halteres\/"},"modified":"2024-01-09T10:30:21","modified_gmt":"2024-01-09T10:30:21","slug":"rack-de-rangement-halteres","status":"publish","type":"product","link":"https:\/\/fisiotech.com\/fr\/prodotto\/rack-de-rangement-halteres\/","title":{"rendered":"RACK DE RANGEMENT HALT\u00c8RES"},"content":{"rendered":"","protected":false},"excerpt":{"rendered":"<p>Rack de rangement de halt\u00e8res pour ranger en toute s\u00e9curit\u00e9 jusqu\u00b4\u00e0 6 paires de halt\u00e8res en fonte de mesures diff\u00e9rentes. Structure solide et r\u00e9sistante en acier verni.<\/p>\n","protected":false},"featured_media":3259,"template":"","meta":{"_acf_changed":false},"product_brand":[],"product_cat":[336,320],"product_tag":[],"class_list":{"0":"post-13862","1":"product","2":"type-product","3":"status-publish","4":"has-post-thumbnail","6":"product_cat-charges-chevilles-et-poignets-et-halteres","7":"product_cat-gymnastique","9":"entry","10":"has-media","12":"first","13":"instock","14":"shipping-taxable","15":"purchasable","16":"product-type-simple","17":"has-product-nav","18":"col","19":"span_1_of_3","20":"owp-content-center","21":"owp-thumbs-layout-horizontal","22":"owp-btn-normal","23":"owp-tabs-layout-horizontal","24":"has-no-thumbnails"},"acf":[],"yoast_head":"<!-- This site is optimized with the Yoast SEO plugin v27.4 - https:\/\/yoast.com\/product\/yoast-seo-wordpress\/ -->\n<title>RACK DE RANGEMENT HALT\u00c8RES | FisioTech<\/title>\n<meta name=\"description\" content=\"Rack de rangement de halt\u00e8res pour ranger en toute s\u00e9curit\u00e9 jusqu\u00b4\u00e0 6 paires de halt\u00e8res en fonte de mesures diff\u00e9rentes. Structure solide et r\u00e9sistante en acier verni.\" \/>\n<meta name=\"robots\" content=\"index, follow, max-snippet:-1, max-image-preview:large, max-video-preview:-1\" \/>\n<link rel=\"canonical\" href=\"https:\/\/fisiotech.com\/fr\/prodotto\/rack-de-rangement-halteres\/\" \/>\n<meta property=\"og:locale\" content=\"fr_FR\" \/>\n<meta property=\"og:type\" content=\"article\" \/>\n<meta property=\"og:title\" content=\"RACK DE RANGEMENT HALT\u00c8RES | FisioTech\" \/>\n<meta property=\"og:description\" content=\"Rack de rangement de halt\u00e8res pour ranger en toute s\u00e9curit\u00e9 jusqu\u00b4\u00e0 6 paires de halt\u00e8res en fonte de mesures diff\u00e9rentes. Structure solide et r\u00e9sistante en acier verni.\" \/>\n<meta property=\"og:url\" content=\"https:\/\/fisiotech.com\/fr\/prodotto\/rack-de-rangement-halteres\/\" \/>\n<meta property=\"og:site_name\" content=\"FisioTech\" \/>\n<meta property=\"og:image\" content=\"https:\/\/fisiotech.com\/wp-content\/uploads\/2024\/01\/rastrelliera.jpg\" \/>\n\t<meta property=\"og:image:width\" content=\"750\" \/>\n\t<meta property=\"og:image:height\" content=\"750\" \/>\n\t<meta property=\"og:image:type\" content=\"image\/jpeg\" \/>\n<meta name=\"twitter:card\" content=\"summary_large_image\" \/>\n<script type=\"application\/ld+json\" class=\"yoast-schema-graph\">{\"@context\":\"https:\\\/\\\/schema.org\",\"@graph\":[{\"@type\":\"WebPage\",\"@id\":\"https:\\\/\\\/fisiotech.com\\\/fr\\\/prodotto\\\/rack-de-rangement-halteres\\\/\",\"url\":\"https:\\\/\\\/fisiotech.com\\\/fr\\\/prodotto\\\/rack-de-rangement-halteres\\\/\",\"name\":\"RACK DE RANGEMENT HALT\u00c8RES | FisioTech\",\"isPartOf\":{\"@id\":\"https:\\\/\\\/fisiotech.com\\\/fr\\\/#website\"},\"primaryImageOfPage\":{\"@id\":\"https:\\\/\\\/fisiotech.com\\\/fr\\\/prodotto\\\/rack-de-rangement-halteres\\\/#primaryimage\"},\"image\":{\"@id\":\"https:\\\/\\\/fisiotech.com\\\/fr\\\/prodotto\\\/rack-de-rangement-halteres\\\/#primaryimage\"},\"thumbnailUrl\":\"https:\\\/\\\/fisiotech.com\\\/wp-content\\\/uploads\\\/2024\\\/01\\\/rastrelliera.jpg\",\"datePublished\":\"2024-01-09T10:30:21+00:00\",\"description\":\"Rack de rangement de halt\u00e8res pour ranger en toute s\u00e9curit\u00e9 jusqu\u00b4\u00e0 6 paires de halt\u00e8res en fonte de mesures diff\u00e9rentes. Structure solide et r\u00e9sistante en acier verni.\",\"breadcrumb\":{\"@id\":\"https:\\\/\\\/fisiotech.com\\\/fr\\\/prodotto\\\/rack-de-rangement-halteres\\\/#breadcrumb\"},\"inLanguage\":\"fr-FR\",\"potentialAction\":[{\"@type\":\"ReadAction\",\"target\":[\"https:\\\/\\\/fisiotech.com\\\/fr\\\/prodotto\\\/rack-de-rangement-halteres\\\/\"]}]},{\"@type\":\"ImageObject\",\"inLanguage\":\"fr-FR\",\"@id\":\"https:\\\/\\\/fisiotech.com\\\/fr\\\/prodotto\\\/rack-de-rangement-halteres\\\/#primaryimage\",\"url\":\"https:\\\/\\\/fisiotech.com\\\/wp-content\\\/uploads\\\/2024\\\/01\\\/rastrelliera.jpg\",\"contentUrl\":\"https:\\\/\\\/fisiotech.com\\\/wp-content\\\/uploads\\\/2024\\\/01\\\/rastrelliera.jpg\",\"width\":750,\"height\":750},{\"@type\":\"BreadcrumbList\",\"@id\":\"https:\\\/\\\/fisiotech.com\\\/fr\\\/prodotto\\\/rack-de-rangement-halteres\\\/#breadcrumb\",\"itemListElement\":[{\"@type\":\"ListItem\",\"position\":1,\"name\":\"Home\",\"item\":\"https:\\\/\\\/fisiotech.com\\\/fr\\\/\"},{\"@type\":\"ListItem\",\"position\":2,\"name\":\"Boutique\",\"item\":\"https:\\\/\\\/fisiotech.com\\\/fr\\\/boutique\\\/\"},{\"@type\":\"ListItem\",\"position\":3,\"name\":\"Gymnastique\",\"item\":\"https:\\\/\\\/fisiotech.com\\\/fr\\\/categoria-prodotto\\\/gymnastique\\\/\"},{\"@type\":\"ListItem\",\"position\":4,\"name\":\"Charges chevilles et poignets et halt\u00e8res\",\"item\":\"https:\\\/\\\/fisiotech.com\\\/fr\\\/categoria-prodotto\\\/gymnastique\\\/charges-chevilles-et-poignets-et-halteres\\\/\"},{\"@type\":\"ListItem\",\"position\":5,\"name\":\"RACK DE RANGEMENT HALT\u00c8RES\"}]},{\"@type\":\"WebSite\",\"@id\":\"https:\\\/\\\/fisiotech.com\\\/fr\\\/#website\",\"url\":\"https:\\\/\\\/fisiotech.com\\\/fr\\\/\",\"name\":\"FisioTech\",\"description\":\"Tecnologie al servizio della salute\",\"publisher\":{\"@id\":\"https:\\\/\\\/fisiotech.com\\\/fr\\\/#organization\"},\"potentialAction\":[{\"@type\":\"SearchAction\",\"target\":{\"@type\":\"EntryPoint\",\"urlTemplate\":\"https:\\\/\\\/fisiotech.com\\\/fr\\\/?s={search_term_string}\"},\"query-input\":{\"@type\":\"PropertyValueSpecification\",\"valueRequired\":true,\"valueName\":\"search_term_string\"}}],\"inLanguage\":\"fr-FR\"},{\"@type\":\"Organization\",\"@id\":\"https:\\\/\\\/fisiotech.com\\\/fr\\\/#organization\",\"name\":\"FisioTech - Tecnologie al servizio della salute\",\"url\":\"https:\\\/\\\/fisiotech.com\\\/fr\\\/\",\"logo\":{\"@type\":\"ImageObject\",\"inLanguage\":\"fr-FR\",\"@id\":\"https:\\\/\\\/fisiotech.com\\\/fr\\\/#\\\/schema\\\/logo\\\/image\\\/\",\"url\":\"https:\\\/\\\/fisiotech.com\\\/wp-content\\\/uploads\\\/2023\\\/09\\\/cropped-Fisiotech-logo.png\",\"contentUrl\":\"https:\\\/\\\/fisiotech.com\\\/wp-content\\\/uploads\\\/2023\\\/09\\\/cropped-Fisiotech-logo.png\",\"width\":861,\"height\":329,\"caption\":\"FisioTech - Tecnologie al servizio della salute\"},\"image\":{\"@id\":\"https:\\\/\\\/fisiotech.com\\\/fr\\\/#\\\/schema\\\/logo\\\/image\\\/\"}}]}<\/script>\n<!-- \/ Yoast SEO plugin. -->","yoast_head_json":{"title":"RACK DE RANGEMENT HALT\u00c8RES | FisioTech","description":"Rack de rangement de halt\u00e8res pour ranger en toute s\u00e9curit\u00e9 jusqu\u00b4\u00e0 6 paires de halt\u00e8res en fonte de mesures diff\u00e9rentes. Structure solide et r\u00e9sistante en acier verni.","robots":{"index":"index","follow":"follow","max-snippet":"max-snippet:-1","max-image-preview":"max-image-preview:large","max-video-preview":"max-video-preview:-1"},"canonical":"https:\/\/fisiotech.com\/fr\/prodotto\/rack-de-rangement-halteres\/","og_locale":"fr_FR","og_type":"article","og_title":"RACK DE RANGEMENT HALT\u00c8RES | FisioTech","og_description":"Rack de rangement de halt\u00e8res pour ranger en toute s\u00e9curit\u00e9 jusqu\u00b4\u00e0 6 paires de halt\u00e8res en fonte de mesures diff\u00e9rentes. Structure solide et r\u00e9sistante en acier verni.","og_url":"https:\/\/fisiotech.com\/fr\/prodotto\/rack-de-rangement-halteres\/","og_site_name":"FisioTech","og_image":[{"width":750,"height":750,"url":"https:\/\/fisiotech.com\/wp-content\/uploads\/2024\/01\/rastrelliera.jpg","type":"image\/jpeg"}],"twitter_card":"summary_large_image","schema":{"@context":"https:\/\/schema.org","@graph":[{"@type":"WebPage","@id":"https:\/\/fisiotech.com\/fr\/prodotto\/rack-de-rangement-halteres\/","url":"https:\/\/fisiotech.com\/fr\/prodotto\/rack-de-rangement-halteres\/","name":"RACK DE RANGEMENT HALT\u00c8RES | FisioTech","isPartOf":{"@id":"https:\/\/fisiotech.com\/fr\/#website"},"primaryImageOfPage":{"@id":"https:\/\/fisiotech.com\/fr\/prodotto\/rack-de-rangement-halteres\/#primaryimage"},"image":{"@id":"https:\/\/fisiotech.com\/fr\/prodotto\/rack-de-rangement-halteres\/#primaryimage"},"thumbnailUrl":"https:\/\/fisiotech.com\/wp-content\/uploads\/2024\/01\/rastrelliera.jpg","datePublished":"2024-01-09T10:30:21+00:00","description":"Rack de rangement de halt\u00e8res pour ranger en toute s\u00e9curit\u00e9 jusqu\u00b4\u00e0 6 paires de halt\u00e8res en fonte de mesures diff\u00e9rentes. Structure solide et r\u00e9sistante en acier verni.","breadcrumb":{"@id":"https:\/\/fisiotech.com\/fr\/prodotto\/rack-de-rangement-halteres\/#breadcrumb"},"inLanguage":"fr-FR","potentialAction":[{"@type":"ReadAction","target":["https:\/\/fisiotech.com\/fr\/prodotto\/rack-de-rangement-halteres\/"]}]},{"@type":"ImageObject","inLanguage":"fr-FR","@id":"https:\/\/fisiotech.com\/fr\/prodotto\/rack-de-rangement-halteres\/#primaryimage","url":"https:\/\/fisiotech.com\/wp-content\/uploads\/2024\/01\/rastrelliera.jpg","contentUrl":"https:\/\/fisiotech.com\/wp-content\/uploads\/2024\/01\/rastrelliera.jpg","width":750,"height":750},{"@type":"BreadcrumbList","@id":"https:\/\/fisiotech.com\/fr\/prodotto\/rack-de-rangement-halteres\/#breadcrumb","itemListElement":[{"@type":"ListItem","position":1,"name":"Home","item":"https:\/\/fisiotech.com\/fr\/"},{"@type":"ListItem","position":2,"name":"Boutique","item":"https:\/\/fisiotech.com\/fr\/boutique\/"},{"@type":"ListItem","position":3,"name":"Gymnastique","item":"https:\/\/fisiotech.com\/fr\/categoria-prodotto\/gymnastique\/"},{"@type":"ListItem","position":4,"name":"Charges chevilles et poignets et halt\u00e8res","item":"https:\/\/fisiotech.com\/fr\/categoria-prodotto\/gymnastique\/charges-chevilles-et-poignets-et-halteres\/"},{"@type":"ListItem","position":5,"name":"RACK DE RANGEMENT HALT\u00c8RES"}]},{"@type":"WebSite","@id":"https:\/\/fisiotech.com\/fr\/#website","url":"https:\/\/fisiotech.com\/fr\/","name":"FisioTech","description":"Tecnologie al servizio della salute","publisher":{"@id":"https:\/\/fisiotech.com\/fr\/#organization"},"potentialAction":[{"@type":"SearchAction","target":{"@type":"EntryPoint","urlTemplate":"https:\/\/fisiotech.com\/fr\/?s={search_term_string}"},"query-input":{"@type":"PropertyValueSpecification","valueRequired":true,"valueName":"search_term_string"}}],"inLanguage":"fr-FR"},{"@type":"Organization","@id":"https:\/\/fisiotech.com\/fr\/#organization","name":"FisioTech - Tecnologie al servizio della salute","url":"https:\/\/fisiotech.com\/fr\/","logo":{"@type":"ImageObject","inLanguage":"fr-FR","@id":"https:\/\/fisiotech.com\/fr\/#\/schema\/logo\/image\/","url":"https:\/\/fisiotech.com\/wp-content\/uploads\/2023\/09\/cropped-Fisiotech-logo.png","contentUrl":"https:\/\/fisiotech.com\/wp-content\/uploads\/2023\/09\/cropped-Fisiotech-logo.png","width":861,"height":329,"caption":"FisioTech - Tecnologie al servizio della salute"},"image":{"@id":"https:\/\/fisiotech.com\/fr\/#\/schema\/logo\/image\/"}}]}},"_links":{"self":[{"href":"https:\/\/fisiotech.com\/fr\/wp-json\/wp\/v2\/product\/13862","targetHints":{"allow":["GET"]}}],"collection":[{"href":"https:\/\/fisiotech.com\/fr\/wp-json\/wp\/v2\/product"}],"about":[{"href":"https:\/\/fisiotech.com\/fr\/wp-json\/wp\/v2\/types\/product"}],"version-history":[{"count":0,"href":"https:\/\/fisiotech.com\/fr\/wp-json\/wp\/v2\/product\/13862\/revisions"}],"wp:featuredmedia":[{"embeddable":true,"href":"https:\/\/fisiotech.com\/fr\/wp-json\/wp\/v2\/media\/3259"}],"wp:attachment":[{"href":"https:\/\/fisiotech.com\/fr\/wp-json\/wp\/v2\/media?parent=13862"}],"wp:term":[{"taxonomy":"product_brand","embeddable":true,"href":"https:\/\/fisiotech.com\/fr\/wp-json\/wp\/v2\/product_brand?post=13862"},{"taxonomy":"product_cat","embeddable":true,"href":"https:\/\/fisiotech.com\/fr\/wp-json\/wp\/v2\/product_cat?post=13862"},{"taxonomy":"product_tag","embeddable":true,"href":"https:\/\/fisiotech.com\/fr\/wp-json\/wp\/v2\/product_tag?post=13862"}],"curies":[{"name":"wp","href":"https:\/\/api.w.org\/{rel}","templated":true}]}}