{"id":13686,"date":"2024-01-08T10:47:57","date_gmt":"2024-01-08T10:47:57","guid":{"rendered":"https:\/\/fisiotech.com\/prodotto\/cerceaux\/"},"modified":"2026-03-16T10:21:59","modified_gmt":"2026-03-16T10:21:59","slug":"cerceaux","status":"publish","type":"product","link":"https:\/\/fisiotech.com\/fr\/prodotto\/cerceaux\/","title":{"rendered":"CERCEAUX"},"content":{"rendered":"","protected":false},"excerpt":{"rendered":"<p>Cerceaux de gymnastique plats en nylon, color\u00e9s. Utiles pour cr\u00e9er des parcours psychomoteurs avec les c\u00f4nes fendus (code 146031) et les jalons de sport (code 146061). <\/p>\n","protected":false},"featured_media":3118,"template":"","meta":{"_acf_changed":false},"product_brand":[],"product_cat":[330,320],"product_tag":[],"class_list":{"0":"post-13686","1":"product","2":"type-product","3":"status-publish","4":"has-post-thumbnail","6":"product_cat-entrainement-psychomoteur","7":"product_cat-gymnastique","9":"entry","10":"has-media","12":"first","13":"instock","14":"shipping-taxable","15":"purchasable","16":"product-type-variable","17":"has-default-attributes","18":"has-product-nav","19":"col","20":"span_1_of_3","21":"owp-content-center","22":"owp-thumbs-layout-horizontal","23":"owp-btn-normal","24":"owp-tabs-layout-horizontal","25":"has-no-thumbnails"},"acf":[],"yoast_head":"<!-- This site is optimized with the Yoast SEO plugin v26.0 - https:\/\/yoast.com\/wordpress\/plugins\/seo\/ -->\n<title>CERCEAUX | FisioTech<\/title>\n<meta name=\"description\" content=\"Cerceaux de gymnastique plats en nylon, color\u00e9s. Utiles pour cr\u00e9er des parcours psychomoteurs avec les c\u00f4nes fendus (code 146031) et les jalons de sport (code 146061).\" \/>\n<meta name=\"robots\" content=\"index, follow, max-snippet:-1, max-image-preview:large, max-video-preview:-1\" \/>\n<link rel=\"canonical\" href=\"https:\/\/fisiotech.com\/fr\/prodotto\/cerceaux\/\" \/>\n<meta property=\"og:locale\" content=\"fr_FR\" \/>\n<meta property=\"og:type\" content=\"article\" \/>\n<meta property=\"og:title\" content=\"CERCEAUX | FisioTech\" \/>\n<meta property=\"og:description\" content=\"Cerceaux de gymnastique plats en nylon, color\u00e9s. Utiles pour cr\u00e9er des parcours psychomoteurs avec les c\u00f4nes fendus (code 146031) et les jalons de sport (code 146061).\" \/>\n<meta property=\"og:url\" content=\"https:\/\/fisiotech.com\/fr\/prodotto\/cerceaux\/\" \/>\n<meta property=\"og:site_name\" content=\"FisioTech\" \/>\n<meta property=\"article:modified_time\" content=\"2026-03-16T10:21:59+00:00\" \/>\n<meta property=\"og:image\" content=\"https:\/\/fisiotech.com\/wp-content\/uploads\/2024\/01\/cerchi.jpg\" \/>\n\t<meta property=\"og:image:width\" content=\"750\" \/>\n\t<meta property=\"og:image:height\" content=\"750\" \/>\n\t<meta property=\"og:image:type\" content=\"image\/jpeg\" \/>\n<meta name=\"twitter:card\" content=\"summary_large_image\" \/>\n<script type=\"application\/ld+json\" class=\"yoast-schema-graph\">{\"@context\":\"https:\/\/schema.org\",\"@graph\":[{\"@type\":\"WebPage\",\"@id\":\"https:\/\/fisiotech.com\/fr\/prodotto\/cerceaux\/\",\"url\":\"https:\/\/fisiotech.com\/fr\/prodotto\/cerceaux\/\",\"name\":\"CERCEAUX | FisioTech\",\"isPartOf\":{\"@id\":\"https:\/\/fisiotech.com\/fr\/#website\"},\"primaryImageOfPage\":{\"@id\":\"https:\/\/fisiotech.com\/fr\/prodotto\/cerceaux\/#primaryimage\"},\"image\":{\"@id\":\"https:\/\/fisiotech.com\/fr\/prodotto\/cerceaux\/#primaryimage\"},\"thumbnailUrl\":\"https:\/\/fisiotech.com\/wp-content\/uploads\/2024\/01\/cerchi.jpg\",\"datePublished\":\"2024-01-08T10:47:57+00:00\",\"dateModified\":\"2026-03-16T10:21:59+00:00\",\"description\":\"Cerceaux de gymnastique plats en nylon, color\u00e9s. Utiles pour cr\u00e9er des parcours psychomoteurs avec les c\u00f4nes fendus (code 146031) et les jalons de sport (code 146061).\",\"breadcrumb\":{\"@id\":\"https:\/\/fisiotech.com\/fr\/prodotto\/cerceaux\/#breadcrumb\"},\"inLanguage\":\"fr-FR\",\"potentialAction\":[{\"@type\":\"ReadAction\",\"target\":[\"https:\/\/fisiotech.com\/fr\/prodotto\/cerceaux\/\"]}]},{\"@type\":\"ImageObject\",\"inLanguage\":\"fr-FR\",\"@id\":\"https:\/\/fisiotech.com\/fr\/prodotto\/cerceaux\/#primaryimage\",\"url\":\"https:\/\/fisiotech.com\/wp-content\/uploads\/2024\/01\/cerchi.jpg\",\"contentUrl\":\"https:\/\/fisiotech.com\/wp-content\/uploads\/2024\/01\/cerchi.jpg\",\"width\":750,\"height\":750},{\"@type\":\"BreadcrumbList\",\"@id\":\"https:\/\/fisiotech.com\/fr\/prodotto\/cerceaux\/#breadcrumb\",\"itemListElement\":[{\"@type\":\"ListItem\",\"position\":1,\"name\":\"Home\",\"item\":\"https:\/\/fisiotech.com\/fr\/\"},{\"@type\":\"ListItem\",\"position\":2,\"name\":\"Boutique\",\"item\":\"https:\/\/fisiotech.com\/fr\/boutique\/\"},{\"@type\":\"ListItem\",\"position\":3,\"name\":\"Gymnastique\",\"item\":\"https:\/\/fisiotech.com\/fr\/categoria-prodotto\/gymnastique\/\"},{\"@type\":\"ListItem\",\"position\":4,\"name\":\"Entra\u00eenement psychomoteur\",\"item\":\"https:\/\/fisiotech.com\/fr\/categoria-prodotto\/gymnastique\/entrainement-psychomoteur\/\"},{\"@type\":\"ListItem\",\"position\":5,\"name\":\"CERCEAUX\"}]},{\"@type\":\"WebSite\",\"@id\":\"https:\/\/fisiotech.com\/fr\/#website\",\"url\":\"https:\/\/fisiotech.com\/fr\/\",\"name\":\"FisioTech\",\"description\":\"Tecnologie al servizio della salute\",\"publisher\":{\"@id\":\"https:\/\/fisiotech.com\/fr\/#organization\"},\"potentialAction\":[{\"@type\":\"SearchAction\",\"target\":{\"@type\":\"EntryPoint\",\"urlTemplate\":\"https:\/\/fisiotech.com\/fr\/?s={search_term_string}\"},\"query-input\":{\"@type\":\"PropertyValueSpecification\",\"valueRequired\":true,\"valueName\":\"search_term_string\"}}],\"inLanguage\":\"fr-FR\"},{\"@type\":\"Organization\",\"@id\":\"https:\/\/fisiotech.com\/fr\/#organization\",\"name\":\"FisioTech - Tecnologie al servizio della salute\",\"url\":\"https:\/\/fisiotech.com\/fr\/\",\"logo\":{\"@type\":\"ImageObject\",\"inLanguage\":\"fr-FR\",\"@id\":\"https:\/\/fisiotech.com\/fr\/#\/schema\/logo\/image\/\",\"url\":\"https:\/\/fisiotech.com\/wp-content\/uploads\/2023\/09\/cropped-Fisiotech-logo.png\",\"contentUrl\":\"https:\/\/fisiotech.com\/wp-content\/uploads\/2023\/09\/cropped-Fisiotech-logo.png\",\"width\":861,\"height\":329,\"caption\":\"FisioTech - Tecnologie al servizio della salute\"},\"image\":{\"@id\":\"https:\/\/fisiotech.com\/fr\/#\/schema\/logo\/image\/\"}}]}<\/script>\n<!-- \/ Yoast SEO plugin. -->","yoast_head_json":{"title":"CERCEAUX | FisioTech","description":"Cerceaux de gymnastique plats en nylon, color\u00e9s. Utiles pour cr\u00e9er des parcours psychomoteurs avec les c\u00f4nes fendus (code 146031) et les jalons de sport (code 146061).","robots":{"index":"index","follow":"follow","max-snippet":"max-snippet:-1","max-image-preview":"max-image-preview:large","max-video-preview":"max-video-preview:-1"},"canonical":"https:\/\/fisiotech.com\/fr\/prodotto\/cerceaux\/","og_locale":"fr_FR","og_type":"article","og_title":"CERCEAUX | FisioTech","og_description":"Cerceaux de gymnastique plats en nylon, color\u00e9s. Utiles pour cr\u00e9er des parcours psychomoteurs avec les c\u00f4nes fendus (code 146031) et les jalons de sport (code 146061).","og_url":"https:\/\/fisiotech.com\/fr\/prodotto\/cerceaux\/","og_site_name":"FisioTech","article_modified_time":"2026-03-16T10:21:59+00:00","og_image":[{"width":750,"height":750,"url":"https:\/\/fisiotech.com\/wp-content\/uploads\/2024\/01\/cerchi.jpg","type":"image\/jpeg"}],"twitter_card":"summary_large_image","schema":{"@context":"https:\/\/schema.org","@graph":[{"@type":"WebPage","@id":"https:\/\/fisiotech.com\/fr\/prodotto\/cerceaux\/","url":"https:\/\/fisiotech.com\/fr\/prodotto\/cerceaux\/","name":"CERCEAUX | FisioTech","isPartOf":{"@id":"https:\/\/fisiotech.com\/fr\/#website"},"primaryImageOfPage":{"@id":"https:\/\/fisiotech.com\/fr\/prodotto\/cerceaux\/#primaryimage"},"image":{"@id":"https:\/\/fisiotech.com\/fr\/prodotto\/cerceaux\/#primaryimage"},"thumbnailUrl":"https:\/\/fisiotech.com\/wp-content\/uploads\/2024\/01\/cerchi.jpg","datePublished":"2024-01-08T10:47:57+00:00","dateModified":"2026-03-16T10:21:59+00:00","description":"Cerceaux de gymnastique plats en nylon, color\u00e9s. Utiles pour cr\u00e9er des parcours psychomoteurs avec les c\u00f4nes fendus (code 146031) et les jalons de sport (code 146061).","breadcrumb":{"@id":"https:\/\/fisiotech.com\/fr\/prodotto\/cerceaux\/#breadcrumb"},"inLanguage":"fr-FR","potentialAction":[{"@type":"ReadAction","target":["https:\/\/fisiotech.com\/fr\/prodotto\/cerceaux\/"]}]},{"@type":"ImageObject","inLanguage":"fr-FR","@id":"https:\/\/fisiotech.com\/fr\/prodotto\/cerceaux\/#primaryimage","url":"https:\/\/fisiotech.com\/wp-content\/uploads\/2024\/01\/cerchi.jpg","contentUrl":"https:\/\/fisiotech.com\/wp-content\/uploads\/2024\/01\/cerchi.jpg","width":750,"height":750},{"@type":"BreadcrumbList","@id":"https:\/\/fisiotech.com\/fr\/prodotto\/cerceaux\/#breadcrumb","itemListElement":[{"@type":"ListItem","position":1,"name":"Home","item":"https:\/\/fisiotech.com\/fr\/"},{"@type":"ListItem","position":2,"name":"Boutique","item":"https:\/\/fisiotech.com\/fr\/boutique\/"},{"@type":"ListItem","position":3,"name":"Gymnastique","item":"https:\/\/fisiotech.com\/fr\/categoria-prodotto\/gymnastique\/"},{"@type":"ListItem","position":4,"name":"Entra\u00eenement psychomoteur","item":"https:\/\/fisiotech.com\/fr\/categoria-prodotto\/gymnastique\/entrainement-psychomoteur\/"},{"@type":"ListItem","position":5,"name":"CERCEAUX"}]},{"@type":"WebSite","@id":"https:\/\/fisiotech.com\/fr\/#website","url":"https:\/\/fisiotech.com\/fr\/","name":"FisioTech","description":"Tecnologie al servizio della salute","publisher":{"@id":"https:\/\/fisiotech.com\/fr\/#organization"},"potentialAction":[{"@type":"SearchAction","target":{"@type":"EntryPoint","urlTemplate":"https:\/\/fisiotech.com\/fr\/?s={search_term_string}"},"query-input":{"@type":"PropertyValueSpecification","valueRequired":true,"valueName":"search_term_string"}}],"inLanguage":"fr-FR"},{"@type":"Organization","@id":"https:\/\/fisiotech.com\/fr\/#organization","name":"FisioTech - Tecnologie al servizio della salute","url":"https:\/\/fisiotech.com\/fr\/","logo":{"@type":"ImageObject","inLanguage":"fr-FR","@id":"https:\/\/fisiotech.com\/fr\/#\/schema\/logo\/image\/","url":"https:\/\/fisiotech.com\/wp-content\/uploads\/2023\/09\/cropped-Fisiotech-logo.png","contentUrl":"https:\/\/fisiotech.com\/wp-content\/uploads\/2023\/09\/cropped-Fisiotech-logo.png","width":861,"height":329,"caption":"FisioTech - Tecnologie al servizio della salute"},"image":{"@id":"https:\/\/fisiotech.com\/fr\/#\/schema\/logo\/image\/"}}]}},"_links":{"self":[{"href":"https:\/\/fisiotech.com\/fr\/wp-json\/wp\/v2\/product\/13686","targetHints":{"allow":["GET"]}}],"collection":[{"href":"https:\/\/fisiotech.com\/fr\/wp-json\/wp\/v2\/product"}],"about":[{"href":"https:\/\/fisiotech.com\/fr\/wp-json\/wp\/v2\/types\/product"}],"version-history":[{"count":1,"href":"https:\/\/fisiotech.com\/fr\/wp-json\/wp\/v2\/product\/13686\/revisions"}],"predecessor-version":[{"id":13721,"href":"https:\/\/fisiotech.com\/fr\/wp-json\/wp\/v2\/product\/13686\/revisions\/13721"}],"wp:featuredmedia":[{"embeddable":true,"href":"https:\/\/fisiotech.com\/fr\/wp-json\/wp\/v2\/media\/3118"}],"wp:attachment":[{"href":"https:\/\/fisiotech.com\/fr\/wp-json\/wp\/v2\/media?parent=13686"}],"wp:term":[{"taxonomy":"product_brand","embeddable":true,"href":"https:\/\/fisiotech.com\/fr\/wp-json\/wp\/v2\/product_brand?post=13686"},{"taxonomy":"product_cat","embeddable":true,"href":"https:\/\/fisiotech.com\/fr\/wp-json\/wp\/v2\/product_cat?post=13686"},{"taxonomy":"product_tag","embeddable":true,"href":"https:\/\/fisiotech.com\/fr\/wp-json\/wp\/v2\/product_tag?post=13686"}],"curies":[{"name":"wp","href":"https:\/\/api.w.org\/{rel}","templated":true}]}}