{"id":13432,"date":"2024-01-08T07:56:26","date_gmt":"2024-01-08T07:56:26","guid":{"rendered":"https:\/\/fisiotech.com\/prodotto\/miroirs-serigraphies-ou-lisses\/"},"modified":"2026-03-16T10:22:10","modified_gmt":"2026-03-16T10:22:10","slug":"miroirs-serigraphies-ou-lisses","status":"publish","type":"product","link":"https:\/\/fisiotech.com\/fr\/prodotto\/miroirs-serigraphies-ou-lisses\/","title":{"rendered":"MIROIRS S\u00c9RIGRAPHI\u00c9S OU LISSES"},"content":{"rendered":"","protected":false},"excerpt":{"rendered":"<p>Miroirs de 4 mm d\u00b4\u00e9paisseur avec un film adh\u00e9sif de s\u00e9curit\u00e9. Si le miroir se casse, les fragments restent sur le film de s\u00e9curit\u00e9. Les miroirs avec le film de s\u00e9curit\u00e9 sont coll\u00e9s \u00e0 un panneau de polystyr\u00e8ne avec un panneau de MDF blanc. Les \u00e9l\u00e9ments sont soutenus par un ch\u00e2ssis d\u00b4aluminium. Les miroirs peuvent \u00eatre fix\u00e9s au mur ou plac\u00e9s sur un gu\u00e9ridon amovible et r\u00e9glable en inclinaison.   <\/p>\n","protected":false},"featured_media":2825,"template":"","meta":{"_acf_changed":false},"product_brand":[],"product_cat":[320,340],"product_tag":[],"class_list":{"0":"post-13432","1":"product","2":"type-product","3":"status-publish","4":"has-post-thumbnail","6":"product_cat-gymnastique","7":"product_cat-miroirs","9":"entry","10":"has-media","12":"first","13":"instock","14":"shipping-taxable","15":"purchasable","16":"product-type-variable","17":"has-default-attributes","18":"has-product-nav","19":"col","20":"span_1_of_3","21":"owp-content-center","22":"owp-thumbs-layout-horizontal","23":"owp-btn-normal","24":"owp-tabs-layout-horizontal","25":"has-no-thumbnails"},"acf":[],"yoast_head":"<!-- This site is optimized with the Yoast SEO plugin v27.4 - https:\/\/yoast.com\/product\/yoast-seo-wordpress\/ -->\n<title>MIROIRS S\u00c9RIGRAPHI\u00c9S OU LISSES | FisioTech<\/title>\n<meta name=\"description\" content=\"Miroirs de 4 mm d\u00b4\u00e9paisseur avec un film adh\u00e9sif de s\u00e9curit\u00e9. Si le miroir se casse, les fragments restent sur le film de s\u00e9curit\u00e9. Les miroirs avec le film de s\u00e9curit\u00e9 sont coll\u00e9s \u00e0 un panneau de polystyr\u00e8ne avec un panneau de MDF blanc. Les \u00e9l\u00e9ments sont soutenus par un ch\u00e2ssis d\u00b4aluminium. Les miroirs peuvent \u00eatre fix\u00e9s au mur ou plac\u00e9s sur un gu\u00e9ridon amovible et r\u00e9glable en inclinaison.\" \/>\n<meta name=\"robots\" content=\"index, follow, max-snippet:-1, max-image-preview:large, max-video-preview:-1\" \/>\n<link rel=\"canonical\" href=\"https:\/\/fisiotech.com\/fr\/prodotto\/miroirs-serigraphies-ou-lisses\/\" \/>\n<meta property=\"og:locale\" content=\"fr_FR\" \/>\n<meta property=\"og:type\" content=\"article\" \/>\n<meta property=\"og:title\" content=\"MIROIRS S\u00c9RIGRAPHI\u00c9S OU LISSES | FisioTech\" \/>\n<meta property=\"og:description\" content=\"Miroirs de 4 mm d\u00b4\u00e9paisseur avec un film adh\u00e9sif de s\u00e9curit\u00e9. Si le miroir se casse, les fragments restent sur le film de s\u00e9curit\u00e9. Les miroirs avec le film de s\u00e9curit\u00e9 sont coll\u00e9s \u00e0 un panneau de polystyr\u00e8ne avec un panneau de MDF blanc. Les \u00e9l\u00e9ments sont soutenus par un ch\u00e2ssis d\u00b4aluminium. Les miroirs peuvent \u00eatre fix\u00e9s au mur ou plac\u00e9s sur un gu\u00e9ridon amovible et r\u00e9glable en inclinaison.\" \/>\n<meta property=\"og:url\" content=\"https:\/\/fisiotech.com\/fr\/prodotto\/miroirs-serigraphies-ou-lisses\/\" \/>\n<meta property=\"og:site_name\" content=\"FisioTech\" \/>\n<meta property=\"article:modified_time\" content=\"2026-03-16T10:22:10+00:00\" \/>\n<meta property=\"og:image\" content=\"https:\/\/fisiotech.com\/wp-content\/uploads\/2024\/01\/specchio-quadrettato.jpg\" \/>\n\t<meta property=\"og:image:width\" content=\"750\" \/>\n\t<meta property=\"og:image:height\" content=\"750\" \/>\n\t<meta property=\"og:image:type\" content=\"image\/jpeg\" \/>\n<meta name=\"twitter:card\" content=\"summary_large_image\" \/>\n<script type=\"application\/ld+json\" class=\"yoast-schema-graph\">{\"@context\":\"https:\\\/\\\/schema.org\",\"@graph\":[{\"@type\":\"WebPage\",\"@id\":\"https:\\\/\\\/fisiotech.com\\\/fr\\\/prodotto\\\/miroirs-serigraphies-ou-lisses\\\/\",\"url\":\"https:\\\/\\\/fisiotech.com\\\/fr\\\/prodotto\\\/miroirs-serigraphies-ou-lisses\\\/\",\"name\":\"MIROIRS S\u00c9RIGRAPHI\u00c9S OU LISSES | FisioTech\",\"isPartOf\":{\"@id\":\"https:\\\/\\\/fisiotech.com\\\/fr\\\/#website\"},\"primaryImageOfPage\":{\"@id\":\"https:\\\/\\\/fisiotech.com\\\/fr\\\/prodotto\\\/miroirs-serigraphies-ou-lisses\\\/#primaryimage\"},\"image\":{\"@id\":\"https:\\\/\\\/fisiotech.com\\\/fr\\\/prodotto\\\/miroirs-serigraphies-ou-lisses\\\/#primaryimage\"},\"thumbnailUrl\":\"https:\\\/\\\/fisiotech.com\\\/wp-content\\\/uploads\\\/2024\\\/01\\\/specchio-quadrettato.jpg\",\"datePublished\":\"2024-01-08T07:56:26+00:00\",\"dateModified\":\"2026-03-16T10:22:10+00:00\",\"description\":\"Miroirs de 4 mm d\u00b4\u00e9paisseur avec un film adh\u00e9sif de s\u00e9curit\u00e9. Si le miroir se casse, les fragments restent sur le film de s\u00e9curit\u00e9. Les miroirs avec le film de s\u00e9curit\u00e9 sont coll\u00e9s \u00e0 un panneau de polystyr\u00e8ne avec un panneau de MDF blanc. Les \u00e9l\u00e9ments sont soutenus par un ch\u00e2ssis d\u00b4aluminium. Les miroirs peuvent \u00eatre fix\u00e9s au mur ou plac\u00e9s sur un gu\u00e9ridon amovible et r\u00e9glable en inclinaison.\",\"breadcrumb\":{\"@id\":\"https:\\\/\\\/fisiotech.com\\\/fr\\\/prodotto\\\/miroirs-serigraphies-ou-lisses\\\/#breadcrumb\"},\"inLanguage\":\"fr-FR\",\"potentialAction\":[{\"@type\":\"ReadAction\",\"target\":[\"https:\\\/\\\/fisiotech.com\\\/fr\\\/prodotto\\\/miroirs-serigraphies-ou-lisses\\\/\"]}]},{\"@type\":\"ImageObject\",\"inLanguage\":\"fr-FR\",\"@id\":\"https:\\\/\\\/fisiotech.com\\\/fr\\\/prodotto\\\/miroirs-serigraphies-ou-lisses\\\/#primaryimage\",\"url\":\"https:\\\/\\\/fisiotech.com\\\/wp-content\\\/uploads\\\/2024\\\/01\\\/specchio-quadrettato.jpg\",\"contentUrl\":\"https:\\\/\\\/fisiotech.com\\\/wp-content\\\/uploads\\\/2024\\\/01\\\/specchio-quadrettato.jpg\",\"width\":750,\"height\":750},{\"@type\":\"BreadcrumbList\",\"@id\":\"https:\\\/\\\/fisiotech.com\\\/fr\\\/prodotto\\\/miroirs-serigraphies-ou-lisses\\\/#breadcrumb\",\"itemListElement\":[{\"@type\":\"ListItem\",\"position\":1,\"name\":\"Home\",\"item\":\"https:\\\/\\\/fisiotech.com\\\/fr\\\/\"},{\"@type\":\"ListItem\",\"position\":2,\"name\":\"Boutique\",\"item\":\"https:\\\/\\\/fisiotech.com\\\/fr\\\/boutique\\\/\"},{\"@type\":\"ListItem\",\"position\":3,\"name\":\"Gymnastique\",\"item\":\"https:\\\/\\\/fisiotech.com\\\/fr\\\/categoria-prodotto\\\/gymnastique\\\/\"},{\"@type\":\"ListItem\",\"position\":4,\"name\":\"Miroirs\",\"item\":\"https:\\\/\\\/fisiotech.com\\\/fr\\\/categoria-prodotto\\\/gymnastique\\\/miroirs\\\/\"},{\"@type\":\"ListItem\",\"position\":5,\"name\":\"MIROIRS S\u00c9RIGRAPHI\u00c9S OU LISSES\"}]},{\"@type\":\"WebSite\",\"@id\":\"https:\\\/\\\/fisiotech.com\\\/fr\\\/#website\",\"url\":\"https:\\\/\\\/fisiotech.com\\\/fr\\\/\",\"name\":\"FisioTech\",\"description\":\"Tecnologie al servizio della salute\",\"publisher\":{\"@id\":\"https:\\\/\\\/fisiotech.com\\\/fr\\\/#organization\"},\"potentialAction\":[{\"@type\":\"SearchAction\",\"target\":{\"@type\":\"EntryPoint\",\"urlTemplate\":\"https:\\\/\\\/fisiotech.com\\\/fr\\\/?s={search_term_string}\"},\"query-input\":{\"@type\":\"PropertyValueSpecification\",\"valueRequired\":true,\"valueName\":\"search_term_string\"}}],\"inLanguage\":\"fr-FR\"},{\"@type\":\"Organization\",\"@id\":\"https:\\\/\\\/fisiotech.com\\\/fr\\\/#organization\",\"name\":\"FisioTech - Tecnologie al servizio della salute\",\"url\":\"https:\\\/\\\/fisiotech.com\\\/fr\\\/\",\"logo\":{\"@type\":\"ImageObject\",\"inLanguage\":\"fr-FR\",\"@id\":\"https:\\\/\\\/fisiotech.com\\\/fr\\\/#\\\/schema\\\/logo\\\/image\\\/\",\"url\":\"https:\\\/\\\/fisiotech.com\\\/wp-content\\\/uploads\\\/2023\\\/09\\\/cropped-Fisiotech-logo.png\",\"contentUrl\":\"https:\\\/\\\/fisiotech.com\\\/wp-content\\\/uploads\\\/2023\\\/09\\\/cropped-Fisiotech-logo.png\",\"width\":861,\"height\":329,\"caption\":\"FisioTech - Tecnologie al servizio della salute\"},\"image\":{\"@id\":\"https:\\\/\\\/fisiotech.com\\\/fr\\\/#\\\/schema\\\/logo\\\/image\\\/\"}}]}<\/script>\n<!-- \/ Yoast SEO plugin. -->","yoast_head_json":{"title":"MIROIRS S\u00c9RIGRAPHI\u00c9S OU LISSES | FisioTech","description":"Miroirs de 4 mm d\u00b4\u00e9paisseur avec un film adh\u00e9sif de s\u00e9curit\u00e9. Si le miroir se casse, les fragments restent sur le film de s\u00e9curit\u00e9. Les miroirs avec le film de s\u00e9curit\u00e9 sont coll\u00e9s \u00e0 un panneau de polystyr\u00e8ne avec un panneau de MDF blanc. Les \u00e9l\u00e9ments sont soutenus par un ch\u00e2ssis d\u00b4aluminium. Les miroirs peuvent \u00eatre fix\u00e9s au mur ou plac\u00e9s sur un gu\u00e9ridon amovible et r\u00e9glable en inclinaison.","robots":{"index":"index","follow":"follow","max-snippet":"max-snippet:-1","max-image-preview":"max-image-preview:large","max-video-preview":"max-video-preview:-1"},"canonical":"https:\/\/fisiotech.com\/fr\/prodotto\/miroirs-serigraphies-ou-lisses\/","og_locale":"fr_FR","og_type":"article","og_title":"MIROIRS S\u00c9RIGRAPHI\u00c9S OU LISSES | FisioTech","og_description":"Miroirs de 4 mm d\u00b4\u00e9paisseur avec un film adh\u00e9sif de s\u00e9curit\u00e9. Si le miroir se casse, les fragments restent sur le film de s\u00e9curit\u00e9. Les miroirs avec le film de s\u00e9curit\u00e9 sont coll\u00e9s \u00e0 un panneau de polystyr\u00e8ne avec un panneau de MDF blanc. Les \u00e9l\u00e9ments sont soutenus par un ch\u00e2ssis d\u00b4aluminium. Les miroirs peuvent \u00eatre fix\u00e9s au mur ou plac\u00e9s sur un gu\u00e9ridon amovible et r\u00e9glable en inclinaison.","og_url":"https:\/\/fisiotech.com\/fr\/prodotto\/miroirs-serigraphies-ou-lisses\/","og_site_name":"FisioTech","article_modified_time":"2026-03-16T10:22:10+00:00","og_image":[{"width":750,"height":750,"url":"https:\/\/fisiotech.com\/wp-content\/uploads\/2024\/01\/specchio-quadrettato.jpg","type":"image\/jpeg"}],"twitter_card":"summary_large_image","schema":{"@context":"https:\/\/schema.org","@graph":[{"@type":"WebPage","@id":"https:\/\/fisiotech.com\/fr\/prodotto\/miroirs-serigraphies-ou-lisses\/","url":"https:\/\/fisiotech.com\/fr\/prodotto\/miroirs-serigraphies-ou-lisses\/","name":"MIROIRS S\u00c9RIGRAPHI\u00c9S OU LISSES | FisioTech","isPartOf":{"@id":"https:\/\/fisiotech.com\/fr\/#website"},"primaryImageOfPage":{"@id":"https:\/\/fisiotech.com\/fr\/prodotto\/miroirs-serigraphies-ou-lisses\/#primaryimage"},"image":{"@id":"https:\/\/fisiotech.com\/fr\/prodotto\/miroirs-serigraphies-ou-lisses\/#primaryimage"},"thumbnailUrl":"https:\/\/fisiotech.com\/wp-content\/uploads\/2024\/01\/specchio-quadrettato.jpg","datePublished":"2024-01-08T07:56:26+00:00","dateModified":"2026-03-16T10:22:10+00:00","description":"Miroirs de 4 mm d\u00b4\u00e9paisseur avec un film adh\u00e9sif de s\u00e9curit\u00e9. Si le miroir se casse, les fragments restent sur le film de s\u00e9curit\u00e9. Les miroirs avec le film de s\u00e9curit\u00e9 sont coll\u00e9s \u00e0 un panneau de polystyr\u00e8ne avec un panneau de MDF blanc. Les \u00e9l\u00e9ments sont soutenus par un ch\u00e2ssis d\u00b4aluminium. Les miroirs peuvent \u00eatre fix\u00e9s au mur ou plac\u00e9s sur un gu\u00e9ridon amovible et r\u00e9glable en inclinaison.","breadcrumb":{"@id":"https:\/\/fisiotech.com\/fr\/prodotto\/miroirs-serigraphies-ou-lisses\/#breadcrumb"},"inLanguage":"fr-FR","potentialAction":[{"@type":"ReadAction","target":["https:\/\/fisiotech.com\/fr\/prodotto\/miroirs-serigraphies-ou-lisses\/"]}]},{"@type":"ImageObject","inLanguage":"fr-FR","@id":"https:\/\/fisiotech.com\/fr\/prodotto\/miroirs-serigraphies-ou-lisses\/#primaryimage","url":"https:\/\/fisiotech.com\/wp-content\/uploads\/2024\/01\/specchio-quadrettato.jpg","contentUrl":"https:\/\/fisiotech.com\/wp-content\/uploads\/2024\/01\/specchio-quadrettato.jpg","width":750,"height":750},{"@type":"BreadcrumbList","@id":"https:\/\/fisiotech.com\/fr\/prodotto\/miroirs-serigraphies-ou-lisses\/#breadcrumb","itemListElement":[{"@type":"ListItem","position":1,"name":"Home","item":"https:\/\/fisiotech.com\/fr\/"},{"@type":"ListItem","position":2,"name":"Boutique","item":"https:\/\/fisiotech.com\/fr\/boutique\/"},{"@type":"ListItem","position":3,"name":"Gymnastique","item":"https:\/\/fisiotech.com\/fr\/categoria-prodotto\/gymnastique\/"},{"@type":"ListItem","position":4,"name":"Miroirs","item":"https:\/\/fisiotech.com\/fr\/categoria-prodotto\/gymnastique\/miroirs\/"},{"@type":"ListItem","position":5,"name":"MIROIRS S\u00c9RIGRAPHI\u00c9S OU LISSES"}]},{"@type":"WebSite","@id":"https:\/\/fisiotech.com\/fr\/#website","url":"https:\/\/fisiotech.com\/fr\/","name":"FisioTech","description":"Tecnologie al servizio della salute","publisher":{"@id":"https:\/\/fisiotech.com\/fr\/#organization"},"potentialAction":[{"@type":"SearchAction","target":{"@type":"EntryPoint","urlTemplate":"https:\/\/fisiotech.com\/fr\/?s={search_term_string}"},"query-input":{"@type":"PropertyValueSpecification","valueRequired":true,"valueName":"search_term_string"}}],"inLanguage":"fr-FR"},{"@type":"Organization","@id":"https:\/\/fisiotech.com\/fr\/#organization","name":"FisioTech - Tecnologie al servizio della salute","url":"https:\/\/fisiotech.com\/fr\/","logo":{"@type":"ImageObject","inLanguage":"fr-FR","@id":"https:\/\/fisiotech.com\/fr\/#\/schema\/logo\/image\/","url":"https:\/\/fisiotech.com\/wp-content\/uploads\/2023\/09\/cropped-Fisiotech-logo.png","contentUrl":"https:\/\/fisiotech.com\/wp-content\/uploads\/2023\/09\/cropped-Fisiotech-logo.png","width":861,"height":329,"caption":"FisioTech - Tecnologie al servizio della salute"},"image":{"@id":"https:\/\/fisiotech.com\/fr\/#\/schema\/logo\/image\/"}}]}},"_links":{"self":[{"href":"https:\/\/fisiotech.com\/fr\/wp-json\/wp\/v2\/product\/13432","targetHints":{"allow":["GET"]}}],"collection":[{"href":"https:\/\/fisiotech.com\/fr\/wp-json\/wp\/v2\/product"}],"about":[{"href":"https:\/\/fisiotech.com\/fr\/wp-json\/wp\/v2\/types\/product"}],"version-history":[{"count":1,"href":"https:\/\/fisiotech.com\/fr\/wp-json\/wp\/v2\/product\/13432\/revisions"}],"predecessor-version":[{"id":13442,"href":"https:\/\/fisiotech.com\/fr\/wp-json\/wp\/v2\/product\/13432\/revisions\/13442"}],"wp:featuredmedia":[{"embeddable":true,"href":"https:\/\/fisiotech.com\/fr\/wp-json\/wp\/v2\/media\/2825"}],"wp:attachment":[{"href":"https:\/\/fisiotech.com\/fr\/wp-json\/wp\/v2\/media?parent=13432"}],"wp:term":[{"taxonomy":"product_brand","embeddable":true,"href":"https:\/\/fisiotech.com\/fr\/wp-json\/wp\/v2\/product_brand?post=13432"},{"taxonomy":"product_cat","embeddable":true,"href":"https:\/\/fisiotech.com\/fr\/wp-json\/wp\/v2\/product_cat?post=13432"},{"taxonomy":"product_tag","embeddable":true,"href":"https:\/\/fisiotech.com\/fr\/wp-json\/wp\/v2\/product_tag?post=13432"}],"curies":[{"name":"wp","href":"https:\/\/api.w.org\/{rel}","templated":true}]}}