{"id":13337,"date":"2024-01-07T17:13:01","date_gmt":"2024-01-07T17:13:01","guid":{"rendered":"https:\/\/fisiotech.com\/prodotto\/physio-roll\/"},"modified":"2026-03-16T10:22:16","modified_gmt":"2026-03-16T10:22:16","slug":"physio-roll","status":"publish","type":"product","link":"https:\/\/fisiotech.com\/fr\/prodotto\/physio-roll\/","title":{"rendered":"PHYSIO ROLL"},"content":{"rendered":"","protected":false},"excerpt":{"rendered":"<p>Le Physio Roll na\u00eet de l\u00b4union de deux balles pour cr\u00e9er un outil qui permet une extr\u00eame vari\u00e9t\u00e9 d\u00b4utilisation et a en plus une majeure stabilit\u00e9 que les balles classiques. Physio Roll est utilis\u00e9 dans le secteur kin\u00e9sith\u00e9rapeutique et est id\u00e9al pour ceux qui ont probl\u00e8mes de coordination ou d\u00b4\u00e9quilibre, handicaps, pour les personnes \u00e2g\u00e9es et pour les \u00e9coles maternelles. <\/p>\n","protected":false},"featured_media":2676,"template":"","meta":{"_acf_changed":false},"product_brand":[],"product_cat":[334,320],"product_tag":[],"class_list":{"0":"post-13337","1":"product","2":"type-product","3":"status-publish","4":"has-post-thumbnail","6":"product_cat-balles-et-ballons","7":"product_cat-gymnastique","9":"entry","10":"has-media","12":"first","13":"instock","14":"shipping-taxable","15":"purchasable","16":"product-type-variable","17":"has-default-attributes","18":"has-product-nav","19":"col","20":"span_1_of_3","21":"owp-content-center","22":"owp-thumbs-layout-horizontal","23":"owp-btn-normal","24":"owp-tabs-layout-horizontal","25":"has-no-thumbnails"},"acf":[],"yoast_head":"<!-- This site is optimized with the Yoast SEO plugin v27.4 - https:\/\/yoast.com\/product\/yoast-seo-wordpress\/ -->\n<title>PHYSIO ROLL | FisioTech<\/title>\n<meta name=\"description\" content=\"Le Physio Roll na\u00eet de l\u00b4union de deux balles pour cr\u00e9er un outil qui permet une extr\u00eame vari\u00e9t\u00e9 d\u00b4utilisation et a en plus une majeure stabilit\u00e9 que les balles classiques. Physio Roll est utilis\u00e9 dans le secteur kin\u00e9sith\u00e9rapeutique et est id\u00e9al pour ceux qui ont probl\u00e8mes de coordination ou d\u00b4\u00e9quilibre, handicaps, pour les personnes \u00e2g\u00e9es et pour les \u00e9coles maternelles.\" \/>\n<meta name=\"robots\" content=\"index, follow, max-snippet:-1, max-image-preview:large, max-video-preview:-1\" \/>\n<link rel=\"canonical\" href=\"https:\/\/fisiotech.com\/fr\/prodotto\/physio-roll\/\" \/>\n<meta property=\"og:locale\" content=\"fr_FR\" \/>\n<meta property=\"og:type\" content=\"article\" \/>\n<meta property=\"og:title\" content=\"PHYSIO ROLL | FisioTech\" \/>\n<meta property=\"og:description\" content=\"Le Physio Roll na\u00eet de l\u00b4union de deux balles pour cr\u00e9er un outil qui permet une extr\u00eame vari\u00e9t\u00e9 d\u00b4utilisation et a en plus une majeure stabilit\u00e9 que les balles classiques. Physio Roll est utilis\u00e9 dans le secteur kin\u00e9sith\u00e9rapeutique et est id\u00e9al pour ceux qui ont probl\u00e8mes de coordination ou d\u00b4\u00e9quilibre, handicaps, pour les personnes \u00e2g\u00e9es et pour les \u00e9coles maternelles.\" \/>\n<meta property=\"og:url\" content=\"https:\/\/fisiotech.com\/fr\/prodotto\/physio-roll\/\" \/>\n<meta property=\"og:site_name\" content=\"FisioTech\" \/>\n<meta property=\"article:modified_time\" content=\"2026-03-16T10:22:16+00:00\" \/>\n<meta property=\"og:image\" content=\"https:\/\/fisiotech.com\/wp-content\/uploads\/2024\/01\/physio-roll.jpg\" \/>\n\t<meta property=\"og:image:width\" content=\"750\" \/>\n\t<meta property=\"og:image:height\" content=\"750\" \/>\n\t<meta property=\"og:image:type\" content=\"image\/jpeg\" \/>\n<meta name=\"twitter:card\" content=\"summary_large_image\" \/>\n<script type=\"application\/ld+json\" class=\"yoast-schema-graph\">{\"@context\":\"https:\\\/\\\/schema.org\",\"@graph\":[{\"@type\":\"WebPage\",\"@id\":\"https:\\\/\\\/fisiotech.com\\\/fr\\\/prodotto\\\/physio-roll\\\/\",\"url\":\"https:\\\/\\\/fisiotech.com\\\/fr\\\/prodotto\\\/physio-roll\\\/\",\"name\":\"PHYSIO ROLL | FisioTech\",\"isPartOf\":{\"@id\":\"https:\\\/\\\/fisiotech.com\\\/fr\\\/#website\"},\"primaryImageOfPage\":{\"@id\":\"https:\\\/\\\/fisiotech.com\\\/fr\\\/prodotto\\\/physio-roll\\\/#primaryimage\"},\"image\":{\"@id\":\"https:\\\/\\\/fisiotech.com\\\/fr\\\/prodotto\\\/physio-roll\\\/#primaryimage\"},\"thumbnailUrl\":\"https:\\\/\\\/fisiotech.com\\\/wp-content\\\/uploads\\\/2024\\\/01\\\/physio-roll.jpg\",\"datePublished\":\"2024-01-07T17:13:01+00:00\",\"dateModified\":\"2026-03-16T10:22:16+00:00\",\"description\":\"Le Physio Roll na\u00eet de l\u00b4union de deux balles pour cr\u00e9er un outil qui permet une extr\u00eame vari\u00e9t\u00e9 d\u00b4utilisation et a en plus une majeure stabilit\u00e9 que les balles classiques. Physio Roll est utilis\u00e9 dans le secteur kin\u00e9sith\u00e9rapeutique et est id\u00e9al pour ceux qui ont probl\u00e8mes de coordination ou d\u00b4\u00e9quilibre, handicaps, pour les personnes \u00e2g\u00e9es et pour les \u00e9coles maternelles.\",\"breadcrumb\":{\"@id\":\"https:\\\/\\\/fisiotech.com\\\/fr\\\/prodotto\\\/physio-roll\\\/#breadcrumb\"},\"inLanguage\":\"fr-FR\",\"potentialAction\":[{\"@type\":\"ReadAction\",\"target\":[\"https:\\\/\\\/fisiotech.com\\\/fr\\\/prodotto\\\/physio-roll\\\/\"]}]},{\"@type\":\"ImageObject\",\"inLanguage\":\"fr-FR\",\"@id\":\"https:\\\/\\\/fisiotech.com\\\/fr\\\/prodotto\\\/physio-roll\\\/#primaryimage\",\"url\":\"https:\\\/\\\/fisiotech.com\\\/wp-content\\\/uploads\\\/2024\\\/01\\\/physio-roll.jpg\",\"contentUrl\":\"https:\\\/\\\/fisiotech.com\\\/wp-content\\\/uploads\\\/2024\\\/01\\\/physio-roll.jpg\",\"width\":750,\"height\":750},{\"@type\":\"BreadcrumbList\",\"@id\":\"https:\\\/\\\/fisiotech.com\\\/fr\\\/prodotto\\\/physio-roll\\\/#breadcrumb\",\"itemListElement\":[{\"@type\":\"ListItem\",\"position\":1,\"name\":\"Home\",\"item\":\"https:\\\/\\\/fisiotech.com\\\/fr\\\/\"},{\"@type\":\"ListItem\",\"position\":2,\"name\":\"Boutique\",\"item\":\"https:\\\/\\\/fisiotech.com\\\/fr\\\/boutique\\\/\"},{\"@type\":\"ListItem\",\"position\":3,\"name\":\"Gymnastique\",\"item\":\"https:\\\/\\\/fisiotech.com\\\/fr\\\/categoria-prodotto\\\/gymnastique\\\/\"},{\"@type\":\"ListItem\",\"position\":4,\"name\":\"Balles et ballons\",\"item\":\"https:\\\/\\\/fisiotech.com\\\/fr\\\/categoria-prodotto\\\/gymnastique\\\/balles-et-ballons\\\/\"},{\"@type\":\"ListItem\",\"position\":5,\"name\":\"PHYSIO ROLL\"}]},{\"@type\":\"WebSite\",\"@id\":\"https:\\\/\\\/fisiotech.com\\\/fr\\\/#website\",\"url\":\"https:\\\/\\\/fisiotech.com\\\/fr\\\/\",\"name\":\"FisioTech\",\"description\":\"Tecnologie al servizio della salute\",\"publisher\":{\"@id\":\"https:\\\/\\\/fisiotech.com\\\/fr\\\/#organization\"},\"potentialAction\":[{\"@type\":\"SearchAction\",\"target\":{\"@type\":\"EntryPoint\",\"urlTemplate\":\"https:\\\/\\\/fisiotech.com\\\/fr\\\/?s={search_term_string}\"},\"query-input\":{\"@type\":\"PropertyValueSpecification\",\"valueRequired\":true,\"valueName\":\"search_term_string\"}}],\"inLanguage\":\"fr-FR\"},{\"@type\":\"Organization\",\"@id\":\"https:\\\/\\\/fisiotech.com\\\/fr\\\/#organization\",\"name\":\"FisioTech - Tecnologie al servizio della salute\",\"url\":\"https:\\\/\\\/fisiotech.com\\\/fr\\\/\",\"logo\":{\"@type\":\"ImageObject\",\"inLanguage\":\"fr-FR\",\"@id\":\"https:\\\/\\\/fisiotech.com\\\/fr\\\/#\\\/schema\\\/logo\\\/image\\\/\",\"url\":\"https:\\\/\\\/fisiotech.com\\\/wp-content\\\/uploads\\\/2023\\\/09\\\/cropped-Fisiotech-logo.png\",\"contentUrl\":\"https:\\\/\\\/fisiotech.com\\\/wp-content\\\/uploads\\\/2023\\\/09\\\/cropped-Fisiotech-logo.png\",\"width\":861,\"height\":329,\"caption\":\"FisioTech - Tecnologie al servizio della salute\"},\"image\":{\"@id\":\"https:\\\/\\\/fisiotech.com\\\/fr\\\/#\\\/schema\\\/logo\\\/image\\\/\"}}]}<\/script>\n<!-- \/ Yoast SEO plugin. -->","yoast_head_json":{"title":"PHYSIO ROLL | FisioTech","description":"Le Physio Roll na\u00eet de l\u00b4union de deux balles pour cr\u00e9er un outil qui permet une extr\u00eame vari\u00e9t\u00e9 d\u00b4utilisation et a en plus une majeure stabilit\u00e9 que les balles classiques. Physio Roll est utilis\u00e9 dans le secteur kin\u00e9sith\u00e9rapeutique et est id\u00e9al pour ceux qui ont probl\u00e8mes de coordination ou d\u00b4\u00e9quilibre, handicaps, pour les personnes \u00e2g\u00e9es et pour les \u00e9coles maternelles.","robots":{"index":"index","follow":"follow","max-snippet":"max-snippet:-1","max-image-preview":"max-image-preview:large","max-video-preview":"max-video-preview:-1"},"canonical":"https:\/\/fisiotech.com\/fr\/prodotto\/physio-roll\/","og_locale":"fr_FR","og_type":"article","og_title":"PHYSIO ROLL | FisioTech","og_description":"Le Physio Roll na\u00eet de l\u00b4union de deux balles pour cr\u00e9er un outil qui permet une extr\u00eame vari\u00e9t\u00e9 d\u00b4utilisation et a en plus une majeure stabilit\u00e9 que les balles classiques. Physio Roll est utilis\u00e9 dans le secteur kin\u00e9sith\u00e9rapeutique et est id\u00e9al pour ceux qui ont probl\u00e8mes de coordination ou d\u00b4\u00e9quilibre, handicaps, pour les personnes \u00e2g\u00e9es et pour les \u00e9coles maternelles.","og_url":"https:\/\/fisiotech.com\/fr\/prodotto\/physio-roll\/","og_site_name":"FisioTech","article_modified_time":"2026-03-16T10:22:16+00:00","og_image":[{"width":750,"height":750,"url":"https:\/\/fisiotech.com\/wp-content\/uploads\/2024\/01\/physio-roll.jpg","type":"image\/jpeg"}],"twitter_card":"summary_large_image","schema":{"@context":"https:\/\/schema.org","@graph":[{"@type":"WebPage","@id":"https:\/\/fisiotech.com\/fr\/prodotto\/physio-roll\/","url":"https:\/\/fisiotech.com\/fr\/prodotto\/physio-roll\/","name":"PHYSIO ROLL | FisioTech","isPartOf":{"@id":"https:\/\/fisiotech.com\/fr\/#website"},"primaryImageOfPage":{"@id":"https:\/\/fisiotech.com\/fr\/prodotto\/physio-roll\/#primaryimage"},"image":{"@id":"https:\/\/fisiotech.com\/fr\/prodotto\/physio-roll\/#primaryimage"},"thumbnailUrl":"https:\/\/fisiotech.com\/wp-content\/uploads\/2024\/01\/physio-roll.jpg","datePublished":"2024-01-07T17:13:01+00:00","dateModified":"2026-03-16T10:22:16+00:00","description":"Le Physio Roll na\u00eet de l\u00b4union de deux balles pour cr\u00e9er un outil qui permet une extr\u00eame vari\u00e9t\u00e9 d\u00b4utilisation et a en plus une majeure stabilit\u00e9 que les balles classiques. Physio Roll est utilis\u00e9 dans le secteur kin\u00e9sith\u00e9rapeutique et est id\u00e9al pour ceux qui ont probl\u00e8mes de coordination ou d\u00b4\u00e9quilibre, handicaps, pour les personnes \u00e2g\u00e9es et pour les \u00e9coles maternelles.","breadcrumb":{"@id":"https:\/\/fisiotech.com\/fr\/prodotto\/physio-roll\/#breadcrumb"},"inLanguage":"fr-FR","potentialAction":[{"@type":"ReadAction","target":["https:\/\/fisiotech.com\/fr\/prodotto\/physio-roll\/"]}]},{"@type":"ImageObject","inLanguage":"fr-FR","@id":"https:\/\/fisiotech.com\/fr\/prodotto\/physio-roll\/#primaryimage","url":"https:\/\/fisiotech.com\/wp-content\/uploads\/2024\/01\/physio-roll.jpg","contentUrl":"https:\/\/fisiotech.com\/wp-content\/uploads\/2024\/01\/physio-roll.jpg","width":750,"height":750},{"@type":"BreadcrumbList","@id":"https:\/\/fisiotech.com\/fr\/prodotto\/physio-roll\/#breadcrumb","itemListElement":[{"@type":"ListItem","position":1,"name":"Home","item":"https:\/\/fisiotech.com\/fr\/"},{"@type":"ListItem","position":2,"name":"Boutique","item":"https:\/\/fisiotech.com\/fr\/boutique\/"},{"@type":"ListItem","position":3,"name":"Gymnastique","item":"https:\/\/fisiotech.com\/fr\/categoria-prodotto\/gymnastique\/"},{"@type":"ListItem","position":4,"name":"Balles et ballons","item":"https:\/\/fisiotech.com\/fr\/categoria-prodotto\/gymnastique\/balles-et-ballons\/"},{"@type":"ListItem","position":5,"name":"PHYSIO ROLL"}]},{"@type":"WebSite","@id":"https:\/\/fisiotech.com\/fr\/#website","url":"https:\/\/fisiotech.com\/fr\/","name":"FisioTech","description":"Tecnologie al servizio della salute","publisher":{"@id":"https:\/\/fisiotech.com\/fr\/#organization"},"potentialAction":[{"@type":"SearchAction","target":{"@type":"EntryPoint","urlTemplate":"https:\/\/fisiotech.com\/fr\/?s={search_term_string}"},"query-input":{"@type":"PropertyValueSpecification","valueRequired":true,"valueName":"search_term_string"}}],"inLanguage":"fr-FR"},{"@type":"Organization","@id":"https:\/\/fisiotech.com\/fr\/#organization","name":"FisioTech - Tecnologie al servizio della salute","url":"https:\/\/fisiotech.com\/fr\/","logo":{"@type":"ImageObject","inLanguage":"fr-FR","@id":"https:\/\/fisiotech.com\/fr\/#\/schema\/logo\/image\/","url":"https:\/\/fisiotech.com\/wp-content\/uploads\/2023\/09\/cropped-Fisiotech-logo.png","contentUrl":"https:\/\/fisiotech.com\/wp-content\/uploads\/2023\/09\/cropped-Fisiotech-logo.png","width":861,"height":329,"caption":"FisioTech - Tecnologie al servizio della salute"},"image":{"@id":"https:\/\/fisiotech.com\/fr\/#\/schema\/logo\/image\/"}}]}},"_links":{"self":[{"href":"https:\/\/fisiotech.com\/fr\/wp-json\/wp\/v2\/product\/13337","targetHints":{"allow":["GET"]}}],"collection":[{"href":"https:\/\/fisiotech.com\/fr\/wp-json\/wp\/v2\/product"}],"about":[{"href":"https:\/\/fisiotech.com\/fr\/wp-json\/wp\/v2\/types\/product"}],"version-history":[{"count":1,"href":"https:\/\/fisiotech.com\/fr\/wp-json\/wp\/v2\/product\/13337\/revisions"}],"predecessor-version":[{"id":13374,"href":"https:\/\/fisiotech.com\/fr\/wp-json\/wp\/v2\/product\/13337\/revisions\/13374"}],"wp:featuredmedia":[{"embeddable":true,"href":"https:\/\/fisiotech.com\/fr\/wp-json\/wp\/v2\/media\/2676"}],"wp:attachment":[{"href":"https:\/\/fisiotech.com\/fr\/wp-json\/wp\/v2\/media?parent=13337"}],"wp:term":[{"taxonomy":"product_brand","embeddable":true,"href":"https:\/\/fisiotech.com\/fr\/wp-json\/wp\/v2\/product_brand?post=13337"},{"taxonomy":"product_cat","embeddable":true,"href":"https:\/\/fisiotech.com\/fr\/wp-json\/wp\/v2\/product_cat?post=13337"},{"taxonomy":"product_tag","embeddable":true,"href":"https:\/\/fisiotech.com\/fr\/wp-json\/wp\/v2\/product_tag?post=13337"}],"curies":[{"name":"wp","href":"https:\/\/api.w.org\/{rel}","templated":true}]}}