{"id":13148,"date":"2024-01-05T12:34:36","date_gmt":"2024-01-05T12:34:36","guid":{"rendered":"https:\/\/fisiotech.com\/prodotto\/balles-en-caoutchouc-mousse\/"},"modified":"2026-03-16T10:22:22","modified_gmt":"2026-03-16T10:22:22","slug":"balles-en-caoutchouc-mousse","status":"publish","type":"product","link":"https:\/\/fisiotech.com\/fr\/prodotto\/balles-en-caoutchouc-mousse\/","title":{"rendered":"BALLES EN CAOUTCHOUC MOUSSE"},"content":{"rendered":"","protected":false},"excerpt":{"rendered":"<h4>BALLES EN CAOUTCHOUC MOUSSE<\/h4>\n<p> Balle en caoutchouc mousse douce, l\u00e9g\u00e8re et color\u00e9e pour la r\u00e9\u00e9ducation fonctionnelle des doigts et des mains. <\/p>\n","protected":false},"featured_media":4599,"template":"","meta":{"_acf_changed":false},"product_brand":[],"product_cat":[368,378],"product_tag":[],"class_list":{"0":"post-13148","1":"product","2":"type-product","3":"status-publish","4":"has-post-thumbnail","6":"product_cat-reeducation","7":"product_cat-reeducation-des-membres","9":"entry","10":"has-media","12":"first","13":"instock","14":"shipping-taxable","15":"purchasable","16":"product-type-simple","17":"has-product-nav","18":"col","19":"span_1_of_3","20":"owp-content-center","21":"owp-thumbs-layout-horizontal","22":"owp-btn-normal","23":"owp-tabs-layout-horizontal","24":"has-no-thumbnails"},"acf":[],"yoast_head":"<!-- This site is optimized with the Yoast SEO plugin v26.0 - https:\/\/yoast.com\/wordpress\/plugins\/seo\/ -->\n<title>BALLES EN CAOUTCHOUC MOUSSE | FisioTech<\/title>\n<meta name=\"description\" content=\"BALLES EN CAOUTCHOUC MOUSSE Balle en caoutchouc mousse douce, l\u00e9g\u00e8re et color\u00e9e pour la r\u00e9\u00e9ducation fonctionnelle des doigts et des mains.\" \/>\n<meta name=\"robots\" content=\"index, follow, max-snippet:-1, max-image-preview:large, max-video-preview:-1\" \/>\n<link rel=\"canonical\" href=\"https:\/\/fisiotech.com\/fr\/prodotto\/balles-en-caoutchouc-mousse\/\" \/>\n<meta property=\"og:locale\" content=\"fr_FR\" \/>\n<meta property=\"og:type\" content=\"article\" \/>\n<meta property=\"og:title\" content=\"BALLES EN CAOUTCHOUC MOUSSE | FisioTech\" \/>\n<meta property=\"og:description\" content=\"BALLES EN CAOUTCHOUC MOUSSE Balle en caoutchouc mousse douce, l\u00e9g\u00e8re et color\u00e9e pour la r\u00e9\u00e9ducation fonctionnelle des doigts et des mains.\" \/>\n<meta property=\"og:url\" content=\"https:\/\/fisiotech.com\/fr\/prodotto\/balles-en-caoutchouc-mousse\/\" \/>\n<meta property=\"og:site_name\" content=\"FisioTech\" \/>\n<meta property=\"article:modified_time\" content=\"2026-03-16T10:22:22+00:00\" \/>\n<meta property=\"og:image\" content=\"https:\/\/fisiotech.com\/wp-content\/uploads\/2024\/01\/palline-in-spugna.jpg\" \/>\n\t<meta property=\"og:image:width\" content=\"750\" \/>\n\t<meta property=\"og:image:height\" content=\"750\" \/>\n\t<meta property=\"og:image:type\" content=\"image\/jpeg\" \/>\n<meta name=\"twitter:card\" content=\"summary_large_image\" \/>\n<script type=\"application\/ld+json\" class=\"yoast-schema-graph\">{\"@context\":\"https:\/\/schema.org\",\"@graph\":[{\"@type\":\"WebPage\",\"@id\":\"https:\/\/fisiotech.com\/fr\/prodotto\/balles-en-caoutchouc-mousse\/\",\"url\":\"https:\/\/fisiotech.com\/fr\/prodotto\/balles-en-caoutchouc-mousse\/\",\"name\":\"BALLES EN CAOUTCHOUC MOUSSE | FisioTech\",\"isPartOf\":{\"@id\":\"https:\/\/fisiotech.com\/fr\/#website\"},\"primaryImageOfPage\":{\"@id\":\"https:\/\/fisiotech.com\/fr\/prodotto\/balles-en-caoutchouc-mousse\/#primaryimage\"},\"image\":{\"@id\":\"https:\/\/fisiotech.com\/fr\/prodotto\/balles-en-caoutchouc-mousse\/#primaryimage\"},\"thumbnailUrl\":\"https:\/\/fisiotech.com\/wp-content\/uploads\/2024\/01\/palline-in-spugna.jpg\",\"datePublished\":\"2024-01-05T12:34:36+00:00\",\"dateModified\":\"2026-03-16T10:22:22+00:00\",\"description\":\"BALLES EN CAOUTCHOUC MOUSSE Balle en caoutchouc mousse douce, l\u00e9g\u00e8re et color\u00e9e pour la r\u00e9\u00e9ducation fonctionnelle des doigts et des mains.\",\"breadcrumb\":{\"@id\":\"https:\/\/fisiotech.com\/fr\/prodotto\/balles-en-caoutchouc-mousse\/#breadcrumb\"},\"inLanguage\":\"fr-FR\",\"potentialAction\":[{\"@type\":\"ReadAction\",\"target\":[\"https:\/\/fisiotech.com\/fr\/prodotto\/balles-en-caoutchouc-mousse\/\"]}]},{\"@type\":\"ImageObject\",\"inLanguage\":\"fr-FR\",\"@id\":\"https:\/\/fisiotech.com\/fr\/prodotto\/balles-en-caoutchouc-mousse\/#primaryimage\",\"url\":\"https:\/\/fisiotech.com\/wp-content\/uploads\/2024\/01\/palline-in-spugna.jpg\",\"contentUrl\":\"https:\/\/fisiotech.com\/wp-content\/uploads\/2024\/01\/palline-in-spugna.jpg\",\"width\":750,\"height\":750},{\"@type\":\"BreadcrumbList\",\"@id\":\"https:\/\/fisiotech.com\/fr\/prodotto\/balles-en-caoutchouc-mousse\/#breadcrumb\",\"itemListElement\":[{\"@type\":\"ListItem\",\"position\":1,\"name\":\"Home\",\"item\":\"https:\/\/fisiotech.com\/fr\/\"},{\"@type\":\"ListItem\",\"position\":2,\"name\":\"Boutique\",\"item\":\"https:\/\/fisiotech.com\/fr\/boutique\/\"},{\"@type\":\"ListItem\",\"position\":3,\"name\":\"R\u00e9\u00e9ducation\",\"item\":\"https:\/\/fisiotech.com\/fr\/categoria-prodotto\/reeducation\/\"},{\"@type\":\"ListItem\",\"position\":4,\"name\":\"R\u00e9\u00e9ducation des membres\",\"item\":\"https:\/\/fisiotech.com\/fr\/categoria-prodotto\/reeducation\/reeducation-des-membres\/\"},{\"@type\":\"ListItem\",\"position\":5,\"name\":\"BALLES EN CAOUTCHOUC MOUSSE\"}]},{\"@type\":\"WebSite\",\"@id\":\"https:\/\/fisiotech.com\/fr\/#website\",\"url\":\"https:\/\/fisiotech.com\/fr\/\",\"name\":\"FisioTech\",\"description\":\"Tecnologie al servizio della salute\",\"publisher\":{\"@id\":\"https:\/\/fisiotech.com\/fr\/#organization\"},\"potentialAction\":[{\"@type\":\"SearchAction\",\"target\":{\"@type\":\"EntryPoint\",\"urlTemplate\":\"https:\/\/fisiotech.com\/fr\/?s={search_term_string}\"},\"query-input\":{\"@type\":\"PropertyValueSpecification\",\"valueRequired\":true,\"valueName\":\"search_term_string\"}}],\"inLanguage\":\"fr-FR\"},{\"@type\":\"Organization\",\"@id\":\"https:\/\/fisiotech.com\/fr\/#organization\",\"name\":\"FisioTech - Tecnologie al servizio della salute\",\"url\":\"https:\/\/fisiotech.com\/fr\/\",\"logo\":{\"@type\":\"ImageObject\",\"inLanguage\":\"fr-FR\",\"@id\":\"https:\/\/fisiotech.com\/fr\/#\/schema\/logo\/image\/\",\"url\":\"https:\/\/fisiotech.com\/wp-content\/uploads\/2023\/09\/cropped-Fisiotech-logo.png\",\"contentUrl\":\"https:\/\/fisiotech.com\/wp-content\/uploads\/2023\/09\/cropped-Fisiotech-logo.png\",\"width\":861,\"height\":329,\"caption\":\"FisioTech - Tecnologie al servizio della salute\"},\"image\":{\"@id\":\"https:\/\/fisiotech.com\/fr\/#\/schema\/logo\/image\/\"}}]}<\/script>\n<!-- \/ Yoast SEO plugin. -->","yoast_head_json":{"title":"BALLES EN CAOUTCHOUC MOUSSE | FisioTech","description":"BALLES EN CAOUTCHOUC MOUSSE Balle en caoutchouc mousse douce, l\u00e9g\u00e8re et color\u00e9e pour la r\u00e9\u00e9ducation fonctionnelle des doigts et des mains.","robots":{"index":"index","follow":"follow","max-snippet":"max-snippet:-1","max-image-preview":"max-image-preview:large","max-video-preview":"max-video-preview:-1"},"canonical":"https:\/\/fisiotech.com\/fr\/prodotto\/balles-en-caoutchouc-mousse\/","og_locale":"fr_FR","og_type":"article","og_title":"BALLES EN CAOUTCHOUC MOUSSE | FisioTech","og_description":"BALLES EN CAOUTCHOUC MOUSSE Balle en caoutchouc mousse douce, l\u00e9g\u00e8re et color\u00e9e pour la r\u00e9\u00e9ducation fonctionnelle des doigts et des mains.","og_url":"https:\/\/fisiotech.com\/fr\/prodotto\/balles-en-caoutchouc-mousse\/","og_site_name":"FisioTech","article_modified_time":"2026-03-16T10:22:22+00:00","og_image":[{"width":750,"height":750,"url":"https:\/\/fisiotech.com\/wp-content\/uploads\/2024\/01\/palline-in-spugna.jpg","type":"image\/jpeg"}],"twitter_card":"summary_large_image","schema":{"@context":"https:\/\/schema.org","@graph":[{"@type":"WebPage","@id":"https:\/\/fisiotech.com\/fr\/prodotto\/balles-en-caoutchouc-mousse\/","url":"https:\/\/fisiotech.com\/fr\/prodotto\/balles-en-caoutchouc-mousse\/","name":"BALLES EN CAOUTCHOUC MOUSSE | FisioTech","isPartOf":{"@id":"https:\/\/fisiotech.com\/fr\/#website"},"primaryImageOfPage":{"@id":"https:\/\/fisiotech.com\/fr\/prodotto\/balles-en-caoutchouc-mousse\/#primaryimage"},"image":{"@id":"https:\/\/fisiotech.com\/fr\/prodotto\/balles-en-caoutchouc-mousse\/#primaryimage"},"thumbnailUrl":"https:\/\/fisiotech.com\/wp-content\/uploads\/2024\/01\/palline-in-spugna.jpg","datePublished":"2024-01-05T12:34:36+00:00","dateModified":"2026-03-16T10:22:22+00:00","description":"BALLES EN CAOUTCHOUC MOUSSE Balle en caoutchouc mousse douce, l\u00e9g\u00e8re et color\u00e9e pour la r\u00e9\u00e9ducation fonctionnelle des doigts et des mains.","breadcrumb":{"@id":"https:\/\/fisiotech.com\/fr\/prodotto\/balles-en-caoutchouc-mousse\/#breadcrumb"},"inLanguage":"fr-FR","potentialAction":[{"@type":"ReadAction","target":["https:\/\/fisiotech.com\/fr\/prodotto\/balles-en-caoutchouc-mousse\/"]}]},{"@type":"ImageObject","inLanguage":"fr-FR","@id":"https:\/\/fisiotech.com\/fr\/prodotto\/balles-en-caoutchouc-mousse\/#primaryimage","url":"https:\/\/fisiotech.com\/wp-content\/uploads\/2024\/01\/palline-in-spugna.jpg","contentUrl":"https:\/\/fisiotech.com\/wp-content\/uploads\/2024\/01\/palline-in-spugna.jpg","width":750,"height":750},{"@type":"BreadcrumbList","@id":"https:\/\/fisiotech.com\/fr\/prodotto\/balles-en-caoutchouc-mousse\/#breadcrumb","itemListElement":[{"@type":"ListItem","position":1,"name":"Home","item":"https:\/\/fisiotech.com\/fr\/"},{"@type":"ListItem","position":2,"name":"Boutique","item":"https:\/\/fisiotech.com\/fr\/boutique\/"},{"@type":"ListItem","position":3,"name":"R\u00e9\u00e9ducation","item":"https:\/\/fisiotech.com\/fr\/categoria-prodotto\/reeducation\/"},{"@type":"ListItem","position":4,"name":"R\u00e9\u00e9ducation des membres","item":"https:\/\/fisiotech.com\/fr\/categoria-prodotto\/reeducation\/reeducation-des-membres\/"},{"@type":"ListItem","position":5,"name":"BALLES EN CAOUTCHOUC MOUSSE"}]},{"@type":"WebSite","@id":"https:\/\/fisiotech.com\/fr\/#website","url":"https:\/\/fisiotech.com\/fr\/","name":"FisioTech","description":"Tecnologie al servizio della salute","publisher":{"@id":"https:\/\/fisiotech.com\/fr\/#organization"},"potentialAction":[{"@type":"SearchAction","target":{"@type":"EntryPoint","urlTemplate":"https:\/\/fisiotech.com\/fr\/?s={search_term_string}"},"query-input":{"@type":"PropertyValueSpecification","valueRequired":true,"valueName":"search_term_string"}}],"inLanguage":"fr-FR"},{"@type":"Organization","@id":"https:\/\/fisiotech.com\/fr\/#organization","name":"FisioTech - Tecnologie al servizio della salute","url":"https:\/\/fisiotech.com\/fr\/","logo":{"@type":"ImageObject","inLanguage":"fr-FR","@id":"https:\/\/fisiotech.com\/fr\/#\/schema\/logo\/image\/","url":"https:\/\/fisiotech.com\/wp-content\/uploads\/2023\/09\/cropped-Fisiotech-logo.png","contentUrl":"https:\/\/fisiotech.com\/wp-content\/uploads\/2023\/09\/cropped-Fisiotech-logo.png","width":861,"height":329,"caption":"FisioTech - Tecnologie al servizio della salute"},"image":{"@id":"https:\/\/fisiotech.com\/fr\/#\/schema\/logo\/image\/"}}]}},"_links":{"self":[{"href":"https:\/\/fisiotech.com\/fr\/wp-json\/wp\/v2\/product\/13148","targetHints":{"allow":["GET"]}}],"collection":[{"href":"https:\/\/fisiotech.com\/fr\/wp-json\/wp\/v2\/product"}],"about":[{"href":"https:\/\/fisiotech.com\/fr\/wp-json\/wp\/v2\/types\/product"}],"version-history":[{"count":1,"href":"https:\/\/fisiotech.com\/fr\/wp-json\/wp\/v2\/product\/13148\/revisions"}],"predecessor-version":[{"id":13195,"href":"https:\/\/fisiotech.com\/fr\/wp-json\/wp\/v2\/product\/13148\/revisions\/13195"}],"wp:featuredmedia":[{"embeddable":true,"href":"https:\/\/fisiotech.com\/fr\/wp-json\/wp\/v2\/media\/4599"}],"wp:attachment":[{"href":"https:\/\/fisiotech.com\/fr\/wp-json\/wp\/v2\/media?parent=13148"}],"wp:term":[{"taxonomy":"product_brand","embeddable":true,"href":"https:\/\/fisiotech.com\/fr\/wp-json\/wp\/v2\/product_brand?post=13148"},{"taxonomy":"product_cat","embeddable":true,"href":"https:\/\/fisiotech.com\/fr\/wp-json\/wp\/v2\/product_cat?post=13148"},{"taxonomy":"product_tag","embeddable":true,"href":"https:\/\/fisiotech.com\/fr\/wp-json\/wp\/v2\/product_tag?post=13148"}],"curies":[{"name":"wp","href":"https:\/\/api.w.org\/{rel}","templated":true}]}}