{"id":13025,"date":"2023-11-16T22:09:42","date_gmt":"2023-11-16T22:09:42","guid":{"rendered":"https:\/\/fisiotech.com\/prodotto\/parcours-concave-convexe\/"},"modified":"2026-03-16T10:22:33","modified_gmt":"2026-03-16T10:22:33","slug":"parcours-concave-convexe","status":"publish","type":"product","link":"https:\/\/fisiotech.com\/fr\/prodotto\/parcours-concave-convexe\/","title":{"rendered":"PARCOURS CONCAVE CONVEXE"},"content":{"rendered":"","protected":false},"excerpt":{"rendered":"<p>Jeu de deux plans de marche inclin\u00e9s \u00e0 placer sur la base des barres parall\u00e8les pour cr\u00e9er un parcours concave ou convexe. L\u00b4inclinaison des deux plans aide le patient dans la pr\u00e9paration \u00e0 la marche sur des surfaces difficiles. <\/p>\n","protected":false},"featured_media":4476,"template":"","meta":{"_acf_changed":false},"product_brand":[],"product_cat":[374,368],"product_tag":[],"class_list":{"0":"post-13025","1":"product","2":"type-product","3":"status-publish","4":"has-post-thumbnail","6":"product_cat-barres-paralleles","7":"product_cat-reeducation","9":"entry","10":"has-media","12":"first","13":"instock","14":"shipping-taxable","15":"purchasable","16":"product-type-simple","17":"has-product-nav","18":"col","19":"span_1_of_3","20":"owp-content-center","21":"owp-thumbs-layout-horizontal","22":"owp-btn-normal","23":"owp-tabs-layout-horizontal"},"acf":[],"yoast_head":"<!-- This site is optimized with the Yoast SEO plugin v26.0 - https:\/\/yoast.com\/wordpress\/plugins\/seo\/ -->\n<title>PARCOURS CONCAVE CONVEXE | FisioTech<\/title>\n<meta name=\"description\" content=\"Jeu de deux plans de marche inclin\u00e9s \u00e0 placer sur la base des barres parall\u00e8les pour cr\u00e9er un parcours concave ou convexe. L\u00b4inclinaison des deux plans aide le patient dans la pr\u00e9paration \u00e0 la marche sur des surfaces difficiles.\" \/>\n<meta name=\"robots\" content=\"index, follow, max-snippet:-1, max-image-preview:large, max-video-preview:-1\" \/>\n<link rel=\"canonical\" href=\"https:\/\/fisiotech.com\/fr\/prodotto\/parcours-concave-convexe\/\" \/>\n<meta property=\"og:locale\" content=\"fr_FR\" \/>\n<meta property=\"og:type\" content=\"article\" \/>\n<meta property=\"og:title\" content=\"PARCOURS CONCAVE CONVEXE | FisioTech\" \/>\n<meta property=\"og:description\" content=\"Jeu de deux plans de marche inclin\u00e9s \u00e0 placer sur la base des barres parall\u00e8les pour cr\u00e9er un parcours concave ou convexe. L\u00b4inclinaison des deux plans aide le patient dans la pr\u00e9paration \u00e0 la marche sur des surfaces difficiles.\" \/>\n<meta property=\"og:url\" content=\"https:\/\/fisiotech.com\/fr\/prodotto\/parcours-concave-convexe\/\" \/>\n<meta property=\"og:site_name\" content=\"FisioTech\" \/>\n<meta property=\"article:modified_time\" content=\"2026-03-16T10:22:33+00:00\" \/>\n<meta property=\"og:image\" content=\"https:\/\/fisiotech.com\/wp-content\/uploads\/2023\/11\/Piano-Concavo-Convesso-per-parallele.jpg\" \/>\n\t<meta property=\"og:image:width\" content=\"750\" \/>\n\t<meta property=\"og:image:height\" content=\"750\" \/>\n\t<meta property=\"og:image:type\" content=\"image\/jpeg\" \/>\n<meta name=\"twitter:card\" content=\"summary_large_image\" \/>\n<script type=\"application\/ld+json\" class=\"yoast-schema-graph\">{\"@context\":\"https:\/\/schema.org\",\"@graph\":[{\"@type\":\"WebPage\",\"@id\":\"https:\/\/fisiotech.com\/fr\/prodotto\/parcours-concave-convexe\/\",\"url\":\"https:\/\/fisiotech.com\/fr\/prodotto\/parcours-concave-convexe\/\",\"name\":\"PARCOURS CONCAVE CONVEXE | FisioTech\",\"isPartOf\":{\"@id\":\"https:\/\/fisiotech.com\/fr\/#website\"},\"primaryImageOfPage\":{\"@id\":\"https:\/\/fisiotech.com\/fr\/prodotto\/parcours-concave-convexe\/#primaryimage\"},\"image\":{\"@id\":\"https:\/\/fisiotech.com\/fr\/prodotto\/parcours-concave-convexe\/#primaryimage\"},\"thumbnailUrl\":\"https:\/\/fisiotech.com\/wp-content\/uploads\/2023\/11\/Piano-Concavo-Convesso-per-parallele.jpg\",\"datePublished\":\"2023-11-16T22:09:42+00:00\",\"dateModified\":\"2026-03-16T10:22:33+00:00\",\"description\":\"Jeu de deux plans de marche inclin\u00e9s \u00e0 placer sur la base des barres parall\u00e8les pour cr\u00e9er un parcours concave ou convexe. L\u00b4inclinaison des deux plans aide le patient dans la pr\u00e9paration \u00e0 la marche sur des surfaces difficiles.\",\"breadcrumb\":{\"@id\":\"https:\/\/fisiotech.com\/fr\/prodotto\/parcours-concave-convexe\/#breadcrumb\"},\"inLanguage\":\"fr-FR\",\"potentialAction\":[{\"@type\":\"ReadAction\",\"target\":[\"https:\/\/fisiotech.com\/fr\/prodotto\/parcours-concave-convexe\/\"]}]},{\"@type\":\"ImageObject\",\"inLanguage\":\"fr-FR\",\"@id\":\"https:\/\/fisiotech.com\/fr\/prodotto\/parcours-concave-convexe\/#primaryimage\",\"url\":\"https:\/\/fisiotech.com\/wp-content\/uploads\/2023\/11\/Piano-Concavo-Convesso-per-parallele.jpg\",\"contentUrl\":\"https:\/\/fisiotech.com\/wp-content\/uploads\/2023\/11\/Piano-Concavo-Convesso-per-parallele.jpg\",\"width\":750,\"height\":750},{\"@type\":\"BreadcrumbList\",\"@id\":\"https:\/\/fisiotech.com\/fr\/prodotto\/parcours-concave-convexe\/#breadcrumb\",\"itemListElement\":[{\"@type\":\"ListItem\",\"position\":1,\"name\":\"Home\",\"item\":\"https:\/\/fisiotech.com\/fr\/\"},{\"@type\":\"ListItem\",\"position\":2,\"name\":\"Boutique\",\"item\":\"https:\/\/fisiotech.com\/fr\/boutique\/\"},{\"@type\":\"ListItem\",\"position\":3,\"name\":\"R\u00e9\u00e9ducation\",\"item\":\"https:\/\/fisiotech.com\/fr\/categoria-prodotto\/reeducation\/\"},{\"@type\":\"ListItem\",\"position\":4,\"name\":\"Barres parall\u00e8les\",\"item\":\"https:\/\/fisiotech.com\/fr\/categoria-prodotto\/reeducation\/barres-paralleles\/\"},{\"@type\":\"ListItem\",\"position\":5,\"name\":\"PARCOURS CONCAVE CONVEXE\"}]},{\"@type\":\"WebSite\",\"@id\":\"https:\/\/fisiotech.com\/fr\/#website\",\"url\":\"https:\/\/fisiotech.com\/fr\/\",\"name\":\"FisioTech\",\"description\":\"Tecnologie al servizio della salute\",\"publisher\":{\"@id\":\"https:\/\/fisiotech.com\/fr\/#organization\"},\"potentialAction\":[{\"@type\":\"SearchAction\",\"target\":{\"@type\":\"EntryPoint\",\"urlTemplate\":\"https:\/\/fisiotech.com\/fr\/?s={search_term_string}\"},\"query-input\":{\"@type\":\"PropertyValueSpecification\",\"valueRequired\":true,\"valueName\":\"search_term_string\"}}],\"inLanguage\":\"fr-FR\"},{\"@type\":\"Organization\",\"@id\":\"https:\/\/fisiotech.com\/fr\/#organization\",\"name\":\"FisioTech - Tecnologie al servizio della salute\",\"url\":\"https:\/\/fisiotech.com\/fr\/\",\"logo\":{\"@type\":\"ImageObject\",\"inLanguage\":\"fr-FR\",\"@id\":\"https:\/\/fisiotech.com\/fr\/#\/schema\/logo\/image\/\",\"url\":\"https:\/\/fisiotech.com\/wp-content\/uploads\/2023\/09\/cropped-Fisiotech-logo.png\",\"contentUrl\":\"https:\/\/fisiotech.com\/wp-content\/uploads\/2023\/09\/cropped-Fisiotech-logo.png\",\"width\":861,\"height\":329,\"caption\":\"FisioTech - Tecnologie al servizio della salute\"},\"image\":{\"@id\":\"https:\/\/fisiotech.com\/fr\/#\/schema\/logo\/image\/\"}}]}<\/script>\n<!-- \/ Yoast SEO plugin. -->","yoast_head_json":{"title":"PARCOURS CONCAVE CONVEXE | FisioTech","description":"Jeu de deux plans de marche inclin\u00e9s \u00e0 placer sur la base des barres parall\u00e8les pour cr\u00e9er un parcours concave ou convexe. L\u00b4inclinaison des deux plans aide le patient dans la pr\u00e9paration \u00e0 la marche sur des surfaces difficiles.","robots":{"index":"index","follow":"follow","max-snippet":"max-snippet:-1","max-image-preview":"max-image-preview:large","max-video-preview":"max-video-preview:-1"},"canonical":"https:\/\/fisiotech.com\/fr\/prodotto\/parcours-concave-convexe\/","og_locale":"fr_FR","og_type":"article","og_title":"PARCOURS CONCAVE CONVEXE | FisioTech","og_description":"Jeu de deux plans de marche inclin\u00e9s \u00e0 placer sur la base des barres parall\u00e8les pour cr\u00e9er un parcours concave ou convexe. L\u00b4inclinaison des deux plans aide le patient dans la pr\u00e9paration \u00e0 la marche sur des surfaces difficiles.","og_url":"https:\/\/fisiotech.com\/fr\/prodotto\/parcours-concave-convexe\/","og_site_name":"FisioTech","article_modified_time":"2026-03-16T10:22:33+00:00","og_image":[{"width":750,"height":750,"url":"https:\/\/fisiotech.com\/wp-content\/uploads\/2023\/11\/Piano-Concavo-Convesso-per-parallele.jpg","type":"image\/jpeg"}],"twitter_card":"summary_large_image","schema":{"@context":"https:\/\/schema.org","@graph":[{"@type":"WebPage","@id":"https:\/\/fisiotech.com\/fr\/prodotto\/parcours-concave-convexe\/","url":"https:\/\/fisiotech.com\/fr\/prodotto\/parcours-concave-convexe\/","name":"PARCOURS CONCAVE CONVEXE | FisioTech","isPartOf":{"@id":"https:\/\/fisiotech.com\/fr\/#website"},"primaryImageOfPage":{"@id":"https:\/\/fisiotech.com\/fr\/prodotto\/parcours-concave-convexe\/#primaryimage"},"image":{"@id":"https:\/\/fisiotech.com\/fr\/prodotto\/parcours-concave-convexe\/#primaryimage"},"thumbnailUrl":"https:\/\/fisiotech.com\/wp-content\/uploads\/2023\/11\/Piano-Concavo-Convesso-per-parallele.jpg","datePublished":"2023-11-16T22:09:42+00:00","dateModified":"2026-03-16T10:22:33+00:00","description":"Jeu de deux plans de marche inclin\u00e9s \u00e0 placer sur la base des barres parall\u00e8les pour cr\u00e9er un parcours concave ou convexe. L\u00b4inclinaison des deux plans aide le patient dans la pr\u00e9paration \u00e0 la marche sur des surfaces difficiles.","breadcrumb":{"@id":"https:\/\/fisiotech.com\/fr\/prodotto\/parcours-concave-convexe\/#breadcrumb"},"inLanguage":"fr-FR","potentialAction":[{"@type":"ReadAction","target":["https:\/\/fisiotech.com\/fr\/prodotto\/parcours-concave-convexe\/"]}]},{"@type":"ImageObject","inLanguage":"fr-FR","@id":"https:\/\/fisiotech.com\/fr\/prodotto\/parcours-concave-convexe\/#primaryimage","url":"https:\/\/fisiotech.com\/wp-content\/uploads\/2023\/11\/Piano-Concavo-Convesso-per-parallele.jpg","contentUrl":"https:\/\/fisiotech.com\/wp-content\/uploads\/2023\/11\/Piano-Concavo-Convesso-per-parallele.jpg","width":750,"height":750},{"@type":"BreadcrumbList","@id":"https:\/\/fisiotech.com\/fr\/prodotto\/parcours-concave-convexe\/#breadcrumb","itemListElement":[{"@type":"ListItem","position":1,"name":"Home","item":"https:\/\/fisiotech.com\/fr\/"},{"@type":"ListItem","position":2,"name":"Boutique","item":"https:\/\/fisiotech.com\/fr\/boutique\/"},{"@type":"ListItem","position":3,"name":"R\u00e9\u00e9ducation","item":"https:\/\/fisiotech.com\/fr\/categoria-prodotto\/reeducation\/"},{"@type":"ListItem","position":4,"name":"Barres parall\u00e8les","item":"https:\/\/fisiotech.com\/fr\/categoria-prodotto\/reeducation\/barres-paralleles\/"},{"@type":"ListItem","position":5,"name":"PARCOURS CONCAVE CONVEXE"}]},{"@type":"WebSite","@id":"https:\/\/fisiotech.com\/fr\/#website","url":"https:\/\/fisiotech.com\/fr\/","name":"FisioTech","description":"Tecnologie al servizio della salute","publisher":{"@id":"https:\/\/fisiotech.com\/fr\/#organization"},"potentialAction":[{"@type":"SearchAction","target":{"@type":"EntryPoint","urlTemplate":"https:\/\/fisiotech.com\/fr\/?s={search_term_string}"},"query-input":{"@type":"PropertyValueSpecification","valueRequired":true,"valueName":"search_term_string"}}],"inLanguage":"fr-FR"},{"@type":"Organization","@id":"https:\/\/fisiotech.com\/fr\/#organization","name":"FisioTech - Tecnologie al servizio della salute","url":"https:\/\/fisiotech.com\/fr\/","logo":{"@type":"ImageObject","inLanguage":"fr-FR","@id":"https:\/\/fisiotech.com\/fr\/#\/schema\/logo\/image\/","url":"https:\/\/fisiotech.com\/wp-content\/uploads\/2023\/09\/cropped-Fisiotech-logo.png","contentUrl":"https:\/\/fisiotech.com\/wp-content\/uploads\/2023\/09\/cropped-Fisiotech-logo.png","width":861,"height":329,"caption":"FisioTech - Tecnologie al servizio della salute"},"image":{"@id":"https:\/\/fisiotech.com\/fr\/#\/schema\/logo\/image\/"}}]}},"_links":{"self":[{"href":"https:\/\/fisiotech.com\/fr\/wp-json\/wp\/v2\/product\/13025","targetHints":{"allow":["GET"]}}],"collection":[{"href":"https:\/\/fisiotech.com\/fr\/wp-json\/wp\/v2\/product"}],"about":[{"href":"https:\/\/fisiotech.com\/fr\/wp-json\/wp\/v2\/types\/product"}],"version-history":[{"count":1,"href":"https:\/\/fisiotech.com\/fr\/wp-json\/wp\/v2\/product\/13025\/revisions"}],"predecessor-version":[{"id":13043,"href":"https:\/\/fisiotech.com\/fr\/wp-json\/wp\/v2\/product\/13025\/revisions\/13043"}],"wp:featuredmedia":[{"embeddable":true,"href":"https:\/\/fisiotech.com\/fr\/wp-json\/wp\/v2\/media\/4476"}],"wp:attachment":[{"href":"https:\/\/fisiotech.com\/fr\/wp-json\/wp\/v2\/media?parent=13025"}],"wp:term":[{"taxonomy":"product_brand","embeddable":true,"href":"https:\/\/fisiotech.com\/fr\/wp-json\/wp\/v2\/product_brand?post=13025"},{"taxonomy":"product_cat","embeddable":true,"href":"https:\/\/fisiotech.com\/fr\/wp-json\/wp\/v2\/product_cat?post=13025"},{"taxonomy":"product_tag","embeddable":true,"href":"https:\/\/fisiotech.com\/fr\/wp-json\/wp\/v2\/product_tag?post=13025"}],"curies":[{"name":"wp","href":"https:\/\/api.w.org\/{rel}","templated":true}]}}