{"id":12934,"date":"2024-05-31T22:09:19","date_gmt":"2024-05-31T22:09:19","guid":{"rendered":"https:\/\/fisiotech.com\/prodotto\/table-ulisse\/"},"modified":"2026-03-16T10:20:58","modified_gmt":"2026-03-16T10:20:58","slug":"table-ulisse","status":"publish","type":"product","link":"https:\/\/fisiotech.com\/fr\/prodotto\/table-ulisse\/","title":{"rendered":"TABLE ULISSE"},"content":{"rendered":"","protected":false},"excerpt":{"rendered":"<h4>TABLE DE VERTICALISATION \u00c0 4 PLANS<\/h4>\n<p> Table de verticalisation \u00e0 4 plans r\u00e9glable en hauteur de 54 \u00e0 96 cm. Le proclive de 0\u00b0 \u00e0 90\u00b0 est r\u00e9glable \u00e9lectriquement avec t\u00e9l\u00e9commande manuelle. La table a une t\u00eati\u00e8re r\u00e9glable et est livr\u00e9e avec 5 sangles de s\u00e9curit\u00e9 et repose pieds ind\u00e9pendants r\u00e9glables manuellement. La structure de la table permet l&rsquo;approche du l\u00e8ve-personne.    <\/p>\n<h6>CI-PR\u00c9SENT\u00c9 MOD\u00c8LE CODE 1115F30H2SB1 + ACCESSOIRES CODE 1215030 ET CODE 1215060<\/h6>\n","protected":false},"featured_media":12056,"template":"","meta":{"_acf_changed":false},"product_brand":[],"product_cat":[360,344],"product_tag":[],"class_list":{"0":"post-12934","1":"product","2":"type-product","3":"status-publish","4":"has-post-thumbnail","6":"product_cat-serie-tilt-fr","7":"product_cat-tables","9":"entry","10":"has-media","12":"first","13":"instock","14":"shipping-taxable","15":"purchasable","16":"product-type-simple","17":"has-product-nav","18":"col","19":"span_1_of_3","20":"owp-content-center","21":"owp-thumbs-layout-horizontal","22":"owp-btn-normal","23":"owp-tabs-layout-horizontal"},"acf":[],"yoast_head":"<!-- This site is optimized with the Yoast SEO plugin v27.4 - https:\/\/yoast.com\/product\/yoast-seo-wordpress\/ -->\n<title>TABLE ULISSE | FisioTech<\/title>\n<meta name=\"description\" content=\"TABLE DE VERTICALISATION \u00c0 4 PLANS Table de verticalisation \u00e0 4 plans r\u00e9glable en hauteur de 54 \u00e0 96 cm. Le proclive de 0\u00b0 \u00e0 90\u00b0 est r\u00e9glable \u00e9lectriquement avec t\u00e9l\u00e9commande manuelle. La table a une t\u00eati\u00e8re r\u00e9glable et est livr\u00e9e avec 5 sangles de s\u00e9curit\u00e9 et repose pieds ind\u00e9pendants r\u00e9glables manuellement. La structure de la table permet l&#039;approche du l\u00e8ve-personne.  CI-PR\u00c9SENT\u00c9 MOD\u00c8LE CODE 1115F30H2SB1 + ACCESSOIRES CODE 1215030 ET CODE 1215060\" \/>\n<meta name=\"robots\" content=\"index, follow, max-snippet:-1, max-image-preview:large, max-video-preview:-1\" \/>\n<link rel=\"canonical\" href=\"https:\/\/fisiotech.com\/fr\/prodotto\/table-ulisse\/\" \/>\n<meta property=\"og:locale\" content=\"fr_FR\" \/>\n<meta property=\"og:type\" content=\"article\" \/>\n<meta property=\"og:title\" content=\"TABLE ULISSE | FisioTech\" \/>\n<meta property=\"og:description\" content=\"TABLE DE VERTICALISATION \u00c0 4 PLANS Table de verticalisation \u00e0 4 plans r\u00e9glable en hauteur de 54 \u00e0 96 cm. Le proclive de 0\u00b0 \u00e0 90\u00b0 est r\u00e9glable \u00e9lectriquement avec t\u00e9l\u00e9commande manuelle. La table a une t\u00eati\u00e8re r\u00e9glable et est livr\u00e9e avec 5 sangles de s\u00e9curit\u00e9 et repose pieds ind\u00e9pendants r\u00e9glables manuellement. La structure de la table permet l&#039;approche du l\u00e8ve-personne.  CI-PR\u00c9SENT\u00c9 MOD\u00c8LE CODE 1115F30H2SB1 + ACCESSOIRES CODE 1215030 ET CODE 1215060\" \/>\n<meta property=\"og:url\" content=\"https:\/\/fisiotech.com\/fr\/prodotto\/table-ulisse\/\" \/>\n<meta property=\"og:site_name\" content=\"FisioTech\" \/>\n<meta property=\"article:modified_time\" content=\"2026-03-16T10:20:58+00:00\" \/>\n<meta property=\"og:image\" content=\"https:\/\/fisiotech.com\/wp-content\/uploads\/2024\/05\/Ulisse-ANTEPRIMA-new-edit.png\" \/>\n\t<meta property=\"og:image:width\" content=\"1250\" \/>\n\t<meta property=\"og:image:height\" content=\"1250\" \/>\n\t<meta property=\"og:image:type\" content=\"image\/png\" \/>\n<meta name=\"twitter:card\" content=\"summary_large_image\" \/>\n<script type=\"application\/ld+json\" class=\"yoast-schema-graph\">{\"@context\":\"https:\\\/\\\/schema.org\",\"@graph\":[{\"@type\":\"WebPage\",\"@id\":\"https:\\\/\\\/fisiotech.com\\\/fr\\\/prodotto\\\/table-ulisse\\\/\",\"url\":\"https:\\\/\\\/fisiotech.com\\\/fr\\\/prodotto\\\/table-ulisse\\\/\",\"name\":\"TABLE ULISSE | FisioTech\",\"isPartOf\":{\"@id\":\"https:\\\/\\\/fisiotech.com\\\/fr\\\/#website\"},\"primaryImageOfPage\":{\"@id\":\"https:\\\/\\\/fisiotech.com\\\/fr\\\/prodotto\\\/table-ulisse\\\/#primaryimage\"},\"image\":{\"@id\":\"https:\\\/\\\/fisiotech.com\\\/fr\\\/prodotto\\\/table-ulisse\\\/#primaryimage\"},\"thumbnailUrl\":\"https:\\\/\\\/fisiotech.com\\\/wp-content\\\/uploads\\\/2024\\\/05\\\/Ulisse-ANTEPRIMA-new-edit.png\",\"datePublished\":\"2024-05-31T22:09:19+00:00\",\"dateModified\":\"2026-03-16T10:20:58+00:00\",\"description\":\"TABLE DE VERTICALISATION \u00c0 4 PLANS Table de verticalisation \u00e0 4 plans r\u00e9glable en hauteur de 54 \u00e0 96 cm. Le proclive de 0\u00b0 \u00e0 90\u00b0 est r\u00e9glable \u00e9lectriquement avec t\u00e9l\u00e9commande manuelle. La table a une t\u00eati\u00e8re r\u00e9glable et est livr\u00e9e avec 5 sangles de s\u00e9curit\u00e9 et repose pieds ind\u00e9pendants r\u00e9glables manuellement. La structure de la table permet l'approche du l\u00e8ve-personne. CI-PR\u00c9SENT\u00c9 MOD\u00c8LE CODE 1115F30H2SB1 + ACCESSOIRES CODE 1215030 ET CODE 1215060\",\"breadcrumb\":{\"@id\":\"https:\\\/\\\/fisiotech.com\\\/fr\\\/prodotto\\\/table-ulisse\\\/#breadcrumb\"},\"inLanguage\":\"fr-FR\",\"potentialAction\":[{\"@type\":\"ReadAction\",\"target\":[\"https:\\\/\\\/fisiotech.com\\\/fr\\\/prodotto\\\/table-ulisse\\\/\"]}]},{\"@type\":\"ImageObject\",\"inLanguage\":\"fr-FR\",\"@id\":\"https:\\\/\\\/fisiotech.com\\\/fr\\\/prodotto\\\/table-ulisse\\\/#primaryimage\",\"url\":\"https:\\\/\\\/fisiotech.com\\\/wp-content\\\/uploads\\\/2024\\\/05\\\/Ulisse-ANTEPRIMA-new-edit.png\",\"contentUrl\":\"https:\\\/\\\/fisiotech.com\\\/wp-content\\\/uploads\\\/2024\\\/05\\\/Ulisse-ANTEPRIMA-new-edit.png\",\"width\":1250,\"height\":1250},{\"@type\":\"BreadcrumbList\",\"@id\":\"https:\\\/\\\/fisiotech.com\\\/fr\\\/prodotto\\\/table-ulisse\\\/#breadcrumb\",\"itemListElement\":[{\"@type\":\"ListItem\",\"position\":1,\"name\":\"Home\",\"item\":\"https:\\\/\\\/fisiotech.com\\\/fr\\\/\"},{\"@type\":\"ListItem\",\"position\":2,\"name\":\"Boutique\",\"item\":\"https:\\\/\\\/fisiotech.com\\\/fr\\\/boutique\\\/\"},{\"@type\":\"ListItem\",\"position\":3,\"name\":\"Tables\",\"item\":\"https:\\\/\\\/fisiotech.com\\\/fr\\\/categoria-prodotto\\\/tables\\\/\"},{\"@type\":\"ListItem\",\"position\":4,\"name\":\"S\u00e9rie Tilt\",\"item\":\"https:\\\/\\\/fisiotech.com\\\/fr\\\/categoria-prodotto\\\/tables\\\/serie-tilt-fr\\\/\"},{\"@type\":\"ListItem\",\"position\":5,\"name\":\"TABLE ULISSE\"}]},{\"@type\":\"WebSite\",\"@id\":\"https:\\\/\\\/fisiotech.com\\\/fr\\\/#website\",\"url\":\"https:\\\/\\\/fisiotech.com\\\/fr\\\/\",\"name\":\"FisioTech\",\"description\":\"Tecnologie al servizio della salute\",\"publisher\":{\"@id\":\"https:\\\/\\\/fisiotech.com\\\/fr\\\/#organization\"},\"potentialAction\":[{\"@type\":\"SearchAction\",\"target\":{\"@type\":\"EntryPoint\",\"urlTemplate\":\"https:\\\/\\\/fisiotech.com\\\/fr\\\/?s={search_term_string}\"},\"query-input\":{\"@type\":\"PropertyValueSpecification\",\"valueRequired\":true,\"valueName\":\"search_term_string\"}}],\"inLanguage\":\"fr-FR\"},{\"@type\":\"Organization\",\"@id\":\"https:\\\/\\\/fisiotech.com\\\/fr\\\/#organization\",\"name\":\"FisioTech - Tecnologie al servizio della salute\",\"url\":\"https:\\\/\\\/fisiotech.com\\\/fr\\\/\",\"logo\":{\"@type\":\"ImageObject\",\"inLanguage\":\"fr-FR\",\"@id\":\"https:\\\/\\\/fisiotech.com\\\/fr\\\/#\\\/schema\\\/logo\\\/image\\\/\",\"url\":\"https:\\\/\\\/fisiotech.com\\\/wp-content\\\/uploads\\\/2023\\\/09\\\/cropped-Fisiotech-logo.png\",\"contentUrl\":\"https:\\\/\\\/fisiotech.com\\\/wp-content\\\/uploads\\\/2023\\\/09\\\/cropped-Fisiotech-logo.png\",\"width\":861,\"height\":329,\"caption\":\"FisioTech - Tecnologie al servizio della salute\"},\"image\":{\"@id\":\"https:\\\/\\\/fisiotech.com\\\/fr\\\/#\\\/schema\\\/logo\\\/image\\\/\"}}]}<\/script>\n<!-- \/ Yoast SEO plugin. -->","yoast_head_json":{"title":"TABLE ULISSE | FisioTech","description":"TABLE DE VERTICALISATION \u00c0 4 PLANS Table de verticalisation \u00e0 4 plans r\u00e9glable en hauteur de 54 \u00e0 96 cm. Le proclive de 0\u00b0 \u00e0 90\u00b0 est r\u00e9glable \u00e9lectriquement avec t\u00e9l\u00e9commande manuelle. La table a une t\u00eati\u00e8re r\u00e9glable et est livr\u00e9e avec 5 sangles de s\u00e9curit\u00e9 et repose pieds ind\u00e9pendants r\u00e9glables manuellement. La structure de la table permet l'approche du l\u00e8ve-personne.  CI-PR\u00c9SENT\u00c9 MOD\u00c8LE CODE 1115F30H2SB1 + ACCESSOIRES CODE 1215030 ET CODE 1215060","robots":{"index":"index","follow":"follow","max-snippet":"max-snippet:-1","max-image-preview":"max-image-preview:large","max-video-preview":"max-video-preview:-1"},"canonical":"https:\/\/fisiotech.com\/fr\/prodotto\/table-ulisse\/","og_locale":"fr_FR","og_type":"article","og_title":"TABLE ULISSE | FisioTech","og_description":"TABLE DE VERTICALISATION \u00c0 4 PLANS Table de verticalisation \u00e0 4 plans r\u00e9glable en hauteur de 54 \u00e0 96 cm. Le proclive de 0\u00b0 \u00e0 90\u00b0 est r\u00e9glable \u00e9lectriquement avec t\u00e9l\u00e9commande manuelle. La table a une t\u00eati\u00e8re r\u00e9glable et est livr\u00e9e avec 5 sangles de s\u00e9curit\u00e9 et repose pieds ind\u00e9pendants r\u00e9glables manuellement. La structure de la table permet l'approche du l\u00e8ve-personne.  CI-PR\u00c9SENT\u00c9 MOD\u00c8LE CODE 1115F30H2SB1 + ACCESSOIRES CODE 1215030 ET CODE 1215060","og_url":"https:\/\/fisiotech.com\/fr\/prodotto\/table-ulisse\/","og_site_name":"FisioTech","article_modified_time":"2026-03-16T10:20:58+00:00","og_image":[{"width":1250,"height":1250,"url":"https:\/\/fisiotech.com\/wp-content\/uploads\/2024\/05\/Ulisse-ANTEPRIMA-new-edit.png","type":"image\/png"}],"twitter_card":"summary_large_image","schema":{"@context":"https:\/\/schema.org","@graph":[{"@type":"WebPage","@id":"https:\/\/fisiotech.com\/fr\/prodotto\/table-ulisse\/","url":"https:\/\/fisiotech.com\/fr\/prodotto\/table-ulisse\/","name":"TABLE ULISSE | FisioTech","isPartOf":{"@id":"https:\/\/fisiotech.com\/fr\/#website"},"primaryImageOfPage":{"@id":"https:\/\/fisiotech.com\/fr\/prodotto\/table-ulisse\/#primaryimage"},"image":{"@id":"https:\/\/fisiotech.com\/fr\/prodotto\/table-ulisse\/#primaryimage"},"thumbnailUrl":"https:\/\/fisiotech.com\/wp-content\/uploads\/2024\/05\/Ulisse-ANTEPRIMA-new-edit.png","datePublished":"2024-05-31T22:09:19+00:00","dateModified":"2026-03-16T10:20:58+00:00","description":"TABLE DE VERTICALISATION \u00c0 4 PLANS Table de verticalisation \u00e0 4 plans r\u00e9glable en hauteur de 54 \u00e0 96 cm. Le proclive de 0\u00b0 \u00e0 90\u00b0 est r\u00e9glable \u00e9lectriquement avec t\u00e9l\u00e9commande manuelle. La table a une t\u00eati\u00e8re r\u00e9glable et est livr\u00e9e avec 5 sangles de s\u00e9curit\u00e9 et repose pieds ind\u00e9pendants r\u00e9glables manuellement. La structure de la table permet l'approche du l\u00e8ve-personne. CI-PR\u00c9SENT\u00c9 MOD\u00c8LE CODE 1115F30H2SB1 + ACCESSOIRES CODE 1215030 ET CODE 1215060","breadcrumb":{"@id":"https:\/\/fisiotech.com\/fr\/prodotto\/table-ulisse\/#breadcrumb"},"inLanguage":"fr-FR","potentialAction":[{"@type":"ReadAction","target":["https:\/\/fisiotech.com\/fr\/prodotto\/table-ulisse\/"]}]},{"@type":"ImageObject","inLanguage":"fr-FR","@id":"https:\/\/fisiotech.com\/fr\/prodotto\/table-ulisse\/#primaryimage","url":"https:\/\/fisiotech.com\/wp-content\/uploads\/2024\/05\/Ulisse-ANTEPRIMA-new-edit.png","contentUrl":"https:\/\/fisiotech.com\/wp-content\/uploads\/2024\/05\/Ulisse-ANTEPRIMA-new-edit.png","width":1250,"height":1250},{"@type":"BreadcrumbList","@id":"https:\/\/fisiotech.com\/fr\/prodotto\/table-ulisse\/#breadcrumb","itemListElement":[{"@type":"ListItem","position":1,"name":"Home","item":"https:\/\/fisiotech.com\/fr\/"},{"@type":"ListItem","position":2,"name":"Boutique","item":"https:\/\/fisiotech.com\/fr\/boutique\/"},{"@type":"ListItem","position":3,"name":"Tables","item":"https:\/\/fisiotech.com\/fr\/categoria-prodotto\/tables\/"},{"@type":"ListItem","position":4,"name":"S\u00e9rie Tilt","item":"https:\/\/fisiotech.com\/fr\/categoria-prodotto\/tables\/serie-tilt-fr\/"},{"@type":"ListItem","position":5,"name":"TABLE ULISSE"}]},{"@type":"WebSite","@id":"https:\/\/fisiotech.com\/fr\/#website","url":"https:\/\/fisiotech.com\/fr\/","name":"FisioTech","description":"Tecnologie al servizio della salute","publisher":{"@id":"https:\/\/fisiotech.com\/fr\/#organization"},"potentialAction":[{"@type":"SearchAction","target":{"@type":"EntryPoint","urlTemplate":"https:\/\/fisiotech.com\/fr\/?s={search_term_string}"},"query-input":{"@type":"PropertyValueSpecification","valueRequired":true,"valueName":"search_term_string"}}],"inLanguage":"fr-FR"},{"@type":"Organization","@id":"https:\/\/fisiotech.com\/fr\/#organization","name":"FisioTech - Tecnologie al servizio della salute","url":"https:\/\/fisiotech.com\/fr\/","logo":{"@type":"ImageObject","inLanguage":"fr-FR","@id":"https:\/\/fisiotech.com\/fr\/#\/schema\/logo\/image\/","url":"https:\/\/fisiotech.com\/wp-content\/uploads\/2023\/09\/cropped-Fisiotech-logo.png","contentUrl":"https:\/\/fisiotech.com\/wp-content\/uploads\/2023\/09\/cropped-Fisiotech-logo.png","width":861,"height":329,"caption":"FisioTech - Tecnologie al servizio della salute"},"image":{"@id":"https:\/\/fisiotech.com\/fr\/#\/schema\/logo\/image\/"}}]}},"_links":{"self":[{"href":"https:\/\/fisiotech.com\/fr\/wp-json\/wp\/v2\/product\/12934","targetHints":{"allow":["GET"]}}],"collection":[{"href":"https:\/\/fisiotech.com\/fr\/wp-json\/wp\/v2\/product"}],"about":[{"href":"https:\/\/fisiotech.com\/fr\/wp-json\/wp\/v2\/types\/product"}],"version-history":[{"count":2,"href":"https:\/\/fisiotech.com\/fr\/wp-json\/wp\/v2\/product\/12934\/revisions"}],"predecessor-version":[{"id":15969,"href":"https:\/\/fisiotech.com\/fr\/wp-json\/wp\/v2\/product\/12934\/revisions\/15969"}],"wp:featuredmedia":[{"embeddable":true,"href":"https:\/\/fisiotech.com\/fr\/wp-json\/wp\/v2\/media\/12056"}],"wp:attachment":[{"href":"https:\/\/fisiotech.com\/fr\/wp-json\/wp\/v2\/media?parent=12934"}],"wp:term":[{"taxonomy":"product_brand","embeddable":true,"href":"https:\/\/fisiotech.com\/fr\/wp-json\/wp\/v2\/product_brand?post=12934"},{"taxonomy":"product_cat","embeddable":true,"href":"https:\/\/fisiotech.com\/fr\/wp-json\/wp\/v2\/product_cat?post=12934"},{"taxonomy":"product_tag","embeddable":true,"href":"https:\/\/fisiotech.com\/fr\/wp-json\/wp\/v2\/product_tag?post=12934"}],"curies":[{"name":"wp","href":"https:\/\/api.w.org\/{rel}","templated":true}]}}