{"id":12682,"date":"2024-04-29T09:22:05","date_gmt":"2024-04-29T09:22:05","guid":{"rendered":"https:\/\/fisiotech.com\/prodotto\/table-giove-2\/"},"modified":"2026-03-16T10:21:32","modified_gmt":"2026-03-16T10:21:32","slug":"table-giove-2","status":"publish","type":"product","link":"https:\/\/fisiotech.com\/fr\/prodotto\/table-giove-2\/","title":{"rendered":"TABLE GIOVE 2"},"content":{"rendered":"","protected":false},"excerpt":{"rendered":"<h4>TABLE \u00c9LECTRIQUE \/ HYDRAULIQUE \u00c0 2 PLANS<\/h4>\n<p> Table professionnelle \u00e0 2 plans r\u00e9glable \u00e9lectriquement ou hydrauliquement en hauteur pour traitement, massage et examen m\u00e9dical. Les tables de la s\u00e9rie Top n&rsquo;ont pas de d\u00e9port lateral pendant la r\u00e9gulation de la hauteur, donc n\u00e9cessitent de moins d&rsquo;espace en longueur. Ch\u00e2ssis disponible dans les couleurs RAL 7016 gris anthracite et RAL 7035 gris clair.   <\/p>\n<h6>CI-PR\u00c9SENT\u00c9 MOD\u00c8LE CODE 1118B30C1SB2 + ACCESSOIRES CODE 1218020<\/h6>\n","protected":false},"featured_media":10770,"template":"","meta":{"_acf_changed":false},"product_brand":[],"product_cat":[362,344],"product_tag":[],"class_list":{"0":"post-12682","1":"product","2":"type-product","3":"status-publish","4":"has-post-thumbnail","6":"product_cat-serie-top-fr","7":"product_cat-tables","9":"entry","10":"has-media","12":"first","13":"instock","14":"shipping-taxable","15":"purchasable","16":"product-type-simple","17":"has-product-nav","18":"col","19":"span_1_of_3","20":"owp-content-center","21":"owp-thumbs-layout-horizontal","22":"owp-btn-normal","23":"owp-tabs-layout-horizontal"},"acf":[],"yoast_head":"<!-- This site is optimized with the Yoast SEO plugin v26.0 - https:\/\/yoast.com\/wordpress\/plugins\/seo\/ -->\n<title>TABLE GIOVE 2 | FisioTech<\/title>\n<meta name=\"description\" content=\"TABLE \u00c9LECTRIQUE \/ HYDRAULIQUE \u00c0 2 PLANS Table professionnelle \u00e0 2 plans r\u00e9glable \u00e9lectriquement ou hydrauliquement en hauteur pour traitement, massage et examen m\u00e9dical. Les tables de la s\u00e9rie Top n&#039;ont pas de d\u00e9port lateral pendant la r\u00e9gulation de la hauteur, donc n\u00e9cessitent de moins d&#039;espace en longueur. Ch\u00e2ssis disponible dans les couleurs RAL 7016 gris anthracite et RAL 7035 gris clair.  CI-PR\u00c9SENT\u00c9 MOD\u00c8LE CODE 1118B30C1SB2 + ACCESSOIRES CODE 1218020\" \/>\n<meta name=\"robots\" content=\"index, follow, max-snippet:-1, max-image-preview:large, max-video-preview:-1\" \/>\n<link rel=\"canonical\" href=\"https:\/\/fisiotech.com\/fr\/prodotto\/table-giove-2\/\" \/>\n<meta property=\"og:locale\" content=\"fr_FR\" \/>\n<meta property=\"og:type\" content=\"article\" \/>\n<meta property=\"og:title\" content=\"TABLE GIOVE 2 | FisioTech\" \/>\n<meta property=\"og:description\" content=\"TABLE \u00c9LECTRIQUE \/ HYDRAULIQUE \u00c0 2 PLANS Table professionnelle \u00e0 2 plans r\u00e9glable \u00e9lectriquement ou hydrauliquement en hauteur pour traitement, massage et examen m\u00e9dical. Les tables de la s\u00e9rie Top n&#039;ont pas de d\u00e9port lateral pendant la r\u00e9gulation de la hauteur, donc n\u00e9cessitent de moins d&#039;espace en longueur. Ch\u00e2ssis disponible dans les couleurs RAL 7016 gris anthracite et RAL 7035 gris clair.  CI-PR\u00c9SENT\u00c9 MOD\u00c8LE CODE 1118B30C1SB2 + ACCESSOIRES CODE 1218020\" \/>\n<meta property=\"og:url\" content=\"https:\/\/fisiotech.com\/fr\/prodotto\/table-giove-2\/\" \/>\n<meta property=\"og:site_name\" content=\"FisioTech\" \/>\n<meta property=\"article:modified_time\" content=\"2026-03-16T10:21:32+00:00\" \/>\n<meta property=\"og:image\" content=\"https:\/\/fisiotech.com\/wp-content\/uploads\/2024\/04\/GIOVE2-anteprima-new.png\" \/>\n\t<meta property=\"og:image:width\" content=\"1250\" \/>\n\t<meta property=\"og:image:height\" content=\"1250\" \/>\n\t<meta property=\"og:image:type\" content=\"image\/png\" \/>\n<meta name=\"twitter:card\" content=\"summary_large_image\" \/>\n<meta name=\"twitter:label1\" content=\"Dur\u00e9e de lecture estim\u00e9e\" \/>\n\t<meta name=\"twitter:data1\" content=\"1 minute\" \/>\n<script type=\"application\/ld+json\" class=\"yoast-schema-graph\">{\"@context\":\"https:\/\/schema.org\",\"@graph\":[{\"@type\":\"WebPage\",\"@id\":\"https:\/\/fisiotech.com\/fr\/prodotto\/table-giove-2\/\",\"url\":\"https:\/\/fisiotech.com\/fr\/prodotto\/table-giove-2\/\",\"name\":\"TABLE GIOVE 2 | FisioTech\",\"isPartOf\":{\"@id\":\"https:\/\/fisiotech.com\/fr\/#website\"},\"primaryImageOfPage\":{\"@id\":\"https:\/\/fisiotech.com\/fr\/prodotto\/table-giove-2\/#primaryimage\"},\"image\":{\"@id\":\"https:\/\/fisiotech.com\/fr\/prodotto\/table-giove-2\/#primaryimage\"},\"thumbnailUrl\":\"https:\/\/fisiotech.com\/wp-content\/uploads\/2024\/04\/GIOVE2-anteprima-new.png\",\"datePublished\":\"2024-04-29T09:22:05+00:00\",\"dateModified\":\"2026-03-16T10:21:32+00:00\",\"description\":\"TABLE \u00c9LECTRIQUE \/ HYDRAULIQUE \u00c0 2 PLANS Table professionnelle \u00e0 2 plans r\u00e9glable \u00e9lectriquement ou hydrauliquement en hauteur pour traitement, massage et examen m\u00e9dical. Les tables de la s\u00e9rie Top n'ont pas de d\u00e9port lateral pendant la r\u00e9gulation de la hauteur, donc n\u00e9cessitent de moins d'espace en longueur. Ch\u00e2ssis disponible dans les couleurs RAL 7016 gris anthracite et RAL 7035 gris clair. CI-PR\u00c9SENT\u00c9 MOD\u00c8LE CODE 1118B30C1SB2 + ACCESSOIRES CODE 1218020\",\"breadcrumb\":{\"@id\":\"https:\/\/fisiotech.com\/fr\/prodotto\/table-giove-2\/#breadcrumb\"},\"inLanguage\":\"fr-FR\",\"potentialAction\":[{\"@type\":\"ReadAction\",\"target\":[\"https:\/\/fisiotech.com\/fr\/prodotto\/table-giove-2\/\"]}]},{\"@type\":\"ImageObject\",\"inLanguage\":\"fr-FR\",\"@id\":\"https:\/\/fisiotech.com\/fr\/prodotto\/table-giove-2\/#primaryimage\",\"url\":\"https:\/\/fisiotech.com\/wp-content\/uploads\/2024\/04\/GIOVE2-anteprima-new.png\",\"contentUrl\":\"https:\/\/fisiotech.com\/wp-content\/uploads\/2024\/04\/GIOVE2-anteprima-new.png\",\"width\":1250,\"height\":1250},{\"@type\":\"BreadcrumbList\",\"@id\":\"https:\/\/fisiotech.com\/fr\/prodotto\/table-giove-2\/#breadcrumb\",\"itemListElement\":[{\"@type\":\"ListItem\",\"position\":1,\"name\":\"Home\",\"item\":\"https:\/\/fisiotech.com\/fr\/\"},{\"@type\":\"ListItem\",\"position\":2,\"name\":\"Boutique\",\"item\":\"https:\/\/fisiotech.com\/fr\/boutique\/\"},{\"@type\":\"ListItem\",\"position\":3,\"name\":\"Tables\",\"item\":\"https:\/\/fisiotech.com\/fr\/categoria-prodotto\/tables\/\"},{\"@type\":\"ListItem\",\"position\":4,\"name\":\"S\u00e9rie Top\",\"item\":\"https:\/\/fisiotech.com\/fr\/categoria-prodotto\/tables\/serie-top-fr\/\"},{\"@type\":\"ListItem\",\"position\":5,\"name\":\"TABLE GIOVE 2\"}]},{\"@type\":\"WebSite\",\"@id\":\"https:\/\/fisiotech.com\/fr\/#website\",\"url\":\"https:\/\/fisiotech.com\/fr\/\",\"name\":\"FisioTech\",\"description\":\"Tecnologie al servizio della salute\",\"publisher\":{\"@id\":\"https:\/\/fisiotech.com\/fr\/#organization\"},\"potentialAction\":[{\"@type\":\"SearchAction\",\"target\":{\"@type\":\"EntryPoint\",\"urlTemplate\":\"https:\/\/fisiotech.com\/fr\/?s={search_term_string}\"},\"query-input\":{\"@type\":\"PropertyValueSpecification\",\"valueRequired\":true,\"valueName\":\"search_term_string\"}}],\"inLanguage\":\"fr-FR\"},{\"@type\":\"Organization\",\"@id\":\"https:\/\/fisiotech.com\/fr\/#organization\",\"name\":\"FisioTech - Tecnologie al servizio della salute\",\"url\":\"https:\/\/fisiotech.com\/fr\/\",\"logo\":{\"@type\":\"ImageObject\",\"inLanguage\":\"fr-FR\",\"@id\":\"https:\/\/fisiotech.com\/fr\/#\/schema\/logo\/image\/\",\"url\":\"https:\/\/fisiotech.com\/wp-content\/uploads\/2023\/09\/cropped-Fisiotech-logo.png\",\"contentUrl\":\"https:\/\/fisiotech.com\/wp-content\/uploads\/2023\/09\/cropped-Fisiotech-logo.png\",\"width\":861,\"height\":329,\"caption\":\"FisioTech - Tecnologie al servizio della salute\"},\"image\":{\"@id\":\"https:\/\/fisiotech.com\/fr\/#\/schema\/logo\/image\/\"}}]}<\/script>\n<!-- \/ Yoast SEO plugin. -->","yoast_head_json":{"title":"TABLE GIOVE 2 | FisioTech","description":"TABLE \u00c9LECTRIQUE \/ HYDRAULIQUE \u00c0 2 PLANS Table professionnelle \u00e0 2 plans r\u00e9glable \u00e9lectriquement ou hydrauliquement en hauteur pour traitement, massage et examen m\u00e9dical. Les tables de la s\u00e9rie Top n'ont pas de d\u00e9port lateral pendant la r\u00e9gulation de la hauteur, donc n\u00e9cessitent de moins d'espace en longueur. Ch\u00e2ssis disponible dans les couleurs RAL 7016 gris anthracite et RAL 7035 gris clair.  CI-PR\u00c9SENT\u00c9 MOD\u00c8LE CODE 1118B30C1SB2 + ACCESSOIRES CODE 1218020","robots":{"index":"index","follow":"follow","max-snippet":"max-snippet:-1","max-image-preview":"max-image-preview:large","max-video-preview":"max-video-preview:-1"},"canonical":"https:\/\/fisiotech.com\/fr\/prodotto\/table-giove-2\/","og_locale":"fr_FR","og_type":"article","og_title":"TABLE GIOVE 2 | FisioTech","og_description":"TABLE \u00c9LECTRIQUE \/ HYDRAULIQUE \u00c0 2 PLANS Table professionnelle \u00e0 2 plans r\u00e9glable \u00e9lectriquement ou hydrauliquement en hauteur pour traitement, massage et examen m\u00e9dical. Les tables de la s\u00e9rie Top n'ont pas de d\u00e9port lateral pendant la r\u00e9gulation de la hauteur, donc n\u00e9cessitent de moins d'espace en longueur. Ch\u00e2ssis disponible dans les couleurs RAL 7016 gris anthracite et RAL 7035 gris clair.  CI-PR\u00c9SENT\u00c9 MOD\u00c8LE CODE 1118B30C1SB2 + ACCESSOIRES CODE 1218020","og_url":"https:\/\/fisiotech.com\/fr\/prodotto\/table-giove-2\/","og_site_name":"FisioTech","article_modified_time":"2026-03-16T10:21:32+00:00","og_image":[{"width":1250,"height":1250,"url":"https:\/\/fisiotech.com\/wp-content\/uploads\/2024\/04\/GIOVE2-anteprima-new.png","type":"image\/png"}],"twitter_card":"summary_large_image","twitter_misc":{"Dur\u00e9e de lecture estim\u00e9e":"1 minute"},"schema":{"@context":"https:\/\/schema.org","@graph":[{"@type":"WebPage","@id":"https:\/\/fisiotech.com\/fr\/prodotto\/table-giove-2\/","url":"https:\/\/fisiotech.com\/fr\/prodotto\/table-giove-2\/","name":"TABLE GIOVE 2 | FisioTech","isPartOf":{"@id":"https:\/\/fisiotech.com\/fr\/#website"},"primaryImageOfPage":{"@id":"https:\/\/fisiotech.com\/fr\/prodotto\/table-giove-2\/#primaryimage"},"image":{"@id":"https:\/\/fisiotech.com\/fr\/prodotto\/table-giove-2\/#primaryimage"},"thumbnailUrl":"https:\/\/fisiotech.com\/wp-content\/uploads\/2024\/04\/GIOVE2-anteprima-new.png","datePublished":"2024-04-29T09:22:05+00:00","dateModified":"2026-03-16T10:21:32+00:00","description":"TABLE \u00c9LECTRIQUE \/ HYDRAULIQUE \u00c0 2 PLANS Table professionnelle \u00e0 2 plans r\u00e9glable \u00e9lectriquement ou hydrauliquement en hauteur pour traitement, massage et examen m\u00e9dical. Les tables de la s\u00e9rie Top n'ont pas de d\u00e9port lateral pendant la r\u00e9gulation de la hauteur, donc n\u00e9cessitent de moins d'espace en longueur. Ch\u00e2ssis disponible dans les couleurs RAL 7016 gris anthracite et RAL 7035 gris clair. CI-PR\u00c9SENT\u00c9 MOD\u00c8LE CODE 1118B30C1SB2 + ACCESSOIRES CODE 1218020","breadcrumb":{"@id":"https:\/\/fisiotech.com\/fr\/prodotto\/table-giove-2\/#breadcrumb"},"inLanguage":"fr-FR","potentialAction":[{"@type":"ReadAction","target":["https:\/\/fisiotech.com\/fr\/prodotto\/table-giove-2\/"]}]},{"@type":"ImageObject","inLanguage":"fr-FR","@id":"https:\/\/fisiotech.com\/fr\/prodotto\/table-giove-2\/#primaryimage","url":"https:\/\/fisiotech.com\/wp-content\/uploads\/2024\/04\/GIOVE2-anteprima-new.png","contentUrl":"https:\/\/fisiotech.com\/wp-content\/uploads\/2024\/04\/GIOVE2-anteprima-new.png","width":1250,"height":1250},{"@type":"BreadcrumbList","@id":"https:\/\/fisiotech.com\/fr\/prodotto\/table-giove-2\/#breadcrumb","itemListElement":[{"@type":"ListItem","position":1,"name":"Home","item":"https:\/\/fisiotech.com\/fr\/"},{"@type":"ListItem","position":2,"name":"Boutique","item":"https:\/\/fisiotech.com\/fr\/boutique\/"},{"@type":"ListItem","position":3,"name":"Tables","item":"https:\/\/fisiotech.com\/fr\/categoria-prodotto\/tables\/"},{"@type":"ListItem","position":4,"name":"S\u00e9rie Top","item":"https:\/\/fisiotech.com\/fr\/categoria-prodotto\/tables\/serie-top-fr\/"},{"@type":"ListItem","position":5,"name":"TABLE GIOVE 2"}]},{"@type":"WebSite","@id":"https:\/\/fisiotech.com\/fr\/#website","url":"https:\/\/fisiotech.com\/fr\/","name":"FisioTech","description":"Tecnologie al servizio della salute","publisher":{"@id":"https:\/\/fisiotech.com\/fr\/#organization"},"potentialAction":[{"@type":"SearchAction","target":{"@type":"EntryPoint","urlTemplate":"https:\/\/fisiotech.com\/fr\/?s={search_term_string}"},"query-input":{"@type":"PropertyValueSpecification","valueRequired":true,"valueName":"search_term_string"}}],"inLanguage":"fr-FR"},{"@type":"Organization","@id":"https:\/\/fisiotech.com\/fr\/#organization","name":"FisioTech - Tecnologie al servizio della salute","url":"https:\/\/fisiotech.com\/fr\/","logo":{"@type":"ImageObject","inLanguage":"fr-FR","@id":"https:\/\/fisiotech.com\/fr\/#\/schema\/logo\/image\/","url":"https:\/\/fisiotech.com\/wp-content\/uploads\/2023\/09\/cropped-Fisiotech-logo.png","contentUrl":"https:\/\/fisiotech.com\/wp-content\/uploads\/2023\/09\/cropped-Fisiotech-logo.png","width":861,"height":329,"caption":"FisioTech - Tecnologie al servizio della salute"},"image":{"@id":"https:\/\/fisiotech.com\/fr\/#\/schema\/logo\/image\/"}}]}},"_links":{"self":[{"href":"https:\/\/fisiotech.com\/fr\/wp-json\/wp\/v2\/product\/12682","targetHints":{"allow":["GET"]}}],"collection":[{"href":"https:\/\/fisiotech.com\/fr\/wp-json\/wp\/v2\/product"}],"about":[{"href":"https:\/\/fisiotech.com\/fr\/wp-json\/wp\/v2\/types\/product"}],"version-history":[{"count":2,"href":"https:\/\/fisiotech.com\/fr\/wp-json\/wp\/v2\/product\/12682\/revisions"}],"predecessor-version":[{"id":12692,"href":"https:\/\/fisiotech.com\/fr\/wp-json\/wp\/v2\/product\/12682\/revisions\/12692"}],"wp:featuredmedia":[{"embeddable":true,"href":"https:\/\/fisiotech.com\/fr\/wp-json\/wp\/v2\/media\/10770"}],"wp:attachment":[{"href":"https:\/\/fisiotech.com\/fr\/wp-json\/wp\/v2\/media?parent=12682"}],"wp:term":[{"taxonomy":"product_brand","embeddable":true,"href":"https:\/\/fisiotech.com\/fr\/wp-json\/wp\/v2\/product_brand?post=12682"},{"taxonomy":"product_cat","embeddable":true,"href":"https:\/\/fisiotech.com\/fr\/wp-json\/wp\/v2\/product_cat?post=12682"},{"taxonomy":"product_tag","embeddable":true,"href":"https:\/\/fisiotech.com\/fr\/wp-json\/wp\/v2\/product_tag?post=12682"}],"curies":[{"name":"wp","href":"https:\/\/api.w.org\/{rel}","templated":true}]}}